{"id":874,"date":"2020-10-09T21:14:26","date_gmt":"2020-10-09T21:14:26","guid":{"rendered":"https:\/\/www.frsc.utn.edu.ar\/web\/?page_id=874"},"modified":"2025-12-12T10:19:17","modified_gmt":"2025-12-12T13:19:17","slug":"tecnicatura-universitaria-en-higiene-y-seguridad-en-el-trabajo","status":"publish","type":"page","link":"https:\/\/www.frsc.utn.edu.ar\/web\/tecnicatura-universitaria-en-higiene-y-seguridad-en-el-trabajo\/","title":{"rendered":"UTNFRSC | Tecnicatura Universitaria en Higiene y Seguridad en el Trabajo"},"content":{"rendered":"\t\t<div data-elementor-type=\"wp-page\" data-elementor-id=\"874\" class=\"elementor elementor-874\">\n\t\t\t\t\t\t<section class=\"elementor-section elementor-top-section elementor-element elementor-element-43baecf elementor-section-boxed elementor-section-height-default elementor-section-height-default\" data-id=\"43baecf\" data-element_type=\"section\" data-e-type=\"section\">\n\t\t\t\t\t\t<div class=\"elementor-container elementor-column-gap-default\">\n\t\t\t\t\t<div class=\"elementor-column elementor-col-100 elementor-top-column elementor-element elementor-element-3ea745e\" data-id=\"3ea745e\" data-element_type=\"column\" data-e-type=\"column\">\n\t\t\t<div class=\"elementor-widget-wrap elementor-element-populated\">\n\t\t\t\t\t\t<div class=\"elementor-element elementor-element-408ff07 elementor-tabs-view-horizontal elementor-widget elementor-widget-tabs\" data-id=\"408ff07\" data-element_type=\"widget\" data-e-type=\"widget\" data-widget_type=\"tabs.default\">\n\t\t\t\t<div class=\"elementor-widget-container\">\n\t\t\t\t\t\t\t<div class=\"elementor-tabs\">\n\t\t\t<div class=\"elementor-tabs-wrapper\" role=\"tablist\" >\n\t\t\t\t\t\t\t\t\t<div id=\"elementor-tab-title-6761\" class=\"elementor-tab-title elementor-tab-desktop-title\" aria-selected=\"true\" data-tab=\"1\" role=\"tab\" tabindex=\"0\" aria-controls=\"elementor-tab-content-6761\" aria-expanded=\"false\">Informaci\u00f3n general<\/div>\n\t\t\t\t\t\t\t\t\t<div id=\"elementor-tab-title-6762\" class=\"elementor-tab-title elementor-tab-desktop-title\" aria-selected=\"false\" data-tab=\"2\" role=\"tab\" tabindex=\"-1\" aria-controls=\"elementor-tab-content-6762\" aria-expanded=\"false\">Alcance del t\u00edtulo<\/div>\n\t\t\t\t\t\t\t\t\t<div id=\"elementor-tab-title-6763\" class=\"elementor-tab-title elementor-tab-desktop-title\" aria-selected=\"false\" data-tab=\"3\" role=\"tab\" tabindex=\"-1\" aria-controls=\"elementor-tab-content-6763\" aria-expanded=\"false\">Requisitos de ingreso<\/div>\n\t\t\t\t\t\t\t\t\t<div id=\"elementor-tab-title-6764\" class=\"elementor-tab-title elementor-tab-desktop-title\" aria-selected=\"false\" data-tab=\"4\" role=\"tab\" tabindex=\"-1\" aria-controls=\"elementor-tab-content-6764\" aria-expanded=\"false\">\u00a1Inscribite!<\/div>\n\t\t\t\t\t\t\t<\/div>\n\t\t\t<div class=\"elementor-tabs-content-wrapper\" role=\"tablist\" aria-orientation=\"vertical\">\n\t\t\t\t\t\t\t\t\t<div class=\"elementor-tab-title elementor-tab-mobile-title\" aria-selected=\"true\" data-tab=\"1\" role=\"tab\" tabindex=\"0\" aria-controls=\"elementor-tab-content-6761\" aria-expanded=\"false\">Informaci\u00f3n general<\/div>\n\t\t\t\t\t<div id=\"elementor-tab-content-6761\" class=\"elementor-tab-content elementor-clearfix\" data-tab=\"1\" role=\"tabpanel\" aria-labelledby=\"elementor-tab-title-6761\" tabindex=\"0\" hidden=\"false\"><p dir=\"ltr\" style=\"line-height: 1.38; margin-top: 0pt; margin-bottom: 0pt;\"><span style=\"background-color: transparent; font-size: 11pt; font-family: Arial, sans-serif; color: #000000; font-variant-numeric: normal; font-variant-east-asian: normal; font-variant-alternates: normal; font-variant-position: normal; vertical-align: baseline; white-space-collapse: preserve;\">Es una carrera aprobada mediante la <\/span><a style=\"font-style: inherit; font-weight: inherit; font-family: var( --e-global-typography-text-font-family ), Sans-serif; background-color: #ffffff;\" href=\"https:\/\/www.frsc.utn.edu.ar\/web\/wp-content\/uploads\/2022\/01\/986_2003TUHST.pdf\"><span style=\"font-size: 12pt; font-family: Arial, sans-serif; font-weight: bold; font-style: italic; font-variant-numeric: normal; font-variant-east-asian: normal; font-variant-alternates: normal; font-variant-position: normal; vertical-align: baseline; white-space-collapse: preserve;\">Ordenanza #986_2003<\/span><\/a><\/p>\n<p dir=\"ltr\" style=\"line-height: 1.38; margin-top: 0pt; margin-bottom: 0pt;\"><span style=\"font-size: 11pt; font-family: Arial, sans-serif; color: #000000; background-color: transparent; font-variant-numeric: normal; font-variant-east-asian: normal; font-variant-alternates: normal; font-variant-position: normal; vertical-align: baseline; white-space-collapse: preserve;\">\u00a0<\/span><\/p>\n<p dir=\"ltr\" style=\"line-height: 1.38; margin-top: 0pt; margin-bottom: 0pt;\"><span style=\"font-size: 11pt; font-family: Arial, sans-serif; color: #000000; background-color: transparent; font-variant-numeric: normal; font-variant-east-asian: normal; font-variant-alternates: normal; font-variant-position: normal; vertical-align: baseline; white-space-collapse: preserve;\">La Tecnicatura Universitaria en Higiene y Seguridad en el Trabajo propone la formaci\u00f3n integral del estudiantado, brind\u00e1ndoles las herramientas necesarias para desarrollar funciones de reducci\u00f3n y prevenci\u00f3n de los riesgos laborales que se generan en las distintas actividades productivas, administrativas y de servicios bajo los principios de protecci\u00f3n de la vida, la integridad psicof\u00edsica y la salud de los trabajadores.<\/span><\/p>\n<p dir=\"ltr\" style=\"line-height: 1.38; margin-top: 0pt; margin-bottom: 0pt;\"><span style=\"font-size: 11pt; font-family: Arial, sans-serif; color: #000000; background-color: transparent; font-variant-numeric: normal; font-variant-east-asian: normal; font-variant-alternates: normal; font-variant-position: normal; vertical-align: baseline; white-space-collapse: preserve;\">\u00a0<\/span><\/p>\n<p dir=\"ltr\" style=\"margin-top: 0pt; margin-bottom: 0pt; font-size: 16px; font-style: normal; font-weight: 400; letter-spacing: 0.16px; line-height: 1.38;\"><span style=\"font-size: 11pt; font-family: Arial, sans-serif; color: #000000; background-color: transparent; font-variant-numeric: normal; font-variant-east-asian: normal; font-variant-alternates: normal; font-variant-position: normal; font-variant-emoji: normal; vertical-align: baseline; white-space-collapse: preserve;\"><span style=\"font-weight: bold;\">MODALIDAD:<\/span> Consultar en el Departamento de Alumnos<\/span><\/p>\n<p dir=\"ltr\" style=\"margin-top: 0pt; margin-bottom: 0pt; font-size: 16px; font-style: normal; font-weight: 400; letter-spacing: 0.16px; line-height: 1.38;\"><span style=\"color: #000000; font-family: Arial, sans-serif;\"><span style=\"font-size: 14.6667px; white-space-collapse: preserve;\">Mail: <\/span><\/span><a style=\"background-color: #ffffff; color: #3c3f42; transition-property: all; font-family: -apple-system, BlinkMacSystemFont, 'Montserrat Regular', sans-serif; font-weight: var( --e-global-typography-text-font-weight ); overflow-wrap: break-word; font-size: 16.192px; letter-spacing: normal;\" href=\"mailto:dptoalumnos@frsc.utn.edu.ar\">dptoalumnos@frsc.utn.edu.ar<\/a><\/p>\n<p dir=\"ltr\" style=\"line-height: 1.38; margin-top: 0pt; margin-bottom: 0pt;\">\u00a0<\/p>\n<p dir=\"ltr\" style=\"margin-top: 0pt; margin-bottom: 0pt; font-size: 16px; font-style: normal; font-weight: 400; letter-spacing: 0.16px; line-height: 1.38;\">Tel\u00e9fono: 2966-429173\u00a0 Int. 215<\/p>\n<p>\u00a0<\/p>\n<p dir=\"ltr\" style=\"line-height: 1.38; margin-top: 0pt; margin-bottom: 0pt;\"><span style=\"font-size: 12pt; font-family: Arial, sans-serif; color: #000000; background-color: transparent; font-weight: bold; font-variant-numeric: normal; font-variant-east-asian: normal; font-variant-alternates: normal; font-variant-position: normal; vertical-align: baseline; white-space-collapse: preserve;\">Perfil del Graduado:<\/span><\/p>\n<p dir=\"ltr\" style=\"line-height: 1.38; margin-top: 0pt; margin-bottom: 0pt;\"><span style=\"font-size: 11pt; font-family: Arial, sans-serif; color: #000000; background-color: transparent; font-variant-numeric: normal; font-variant-east-asian: normal; font-variant-alternates: normal; font-variant-position: normal; vertical-align: baseline; white-space-collapse: preserve;\">Son t\u00e9cnicos y t\u00e9cnicas con competencias referidas a:<\/span><\/p>\n<ul>\n<li style=\"font-weight: 400;\" aria-level=\"1\"><span style=\"font-weight: 400;\">Utilizaci\u00f3n de los m\u00e9todos de observaci\u00f3n y an\u00e1lisis que se aplican al estudio y control de accidentes y enfermedades profesionales y el modo de evitarlos.<\/span><\/li>\n<li style=\"font-weight: 400;\" aria-level=\"1\"><span style=\"font-weight: 400;\">Prevenci\u00f3n de accidentes y enfermedades profesionales.<\/span><\/li>\n<li style=\"font-weight: 400;\" aria-level=\"1\"><span style=\"font-weight: 400;\">Corregir y evitar actos inseguros en la g\u00e9nesis de los accidentes y enfermedades profesionales.<\/span><\/li>\n<li style=\"font-weight: 400;\" aria-level=\"1\"><span style=\"font-weight: 400;\">Realizaci\u00f3n de informes estad\u00edsticos.<\/span><\/li>\n<li style=\"font-weight: 400;\" aria-level=\"1\"><span style=\"font-weight: 400;\">Capacidad en la creaci\u00f3n de normas dentro del \u00e1mbito de la seguridad e higiene.<\/span><\/li>\n<li style=\"font-weight: 400;\" aria-level=\"1\"><span style=\"font-weight: 400;\">Capacitaci\u00f3n del personal.<\/span><\/li>\n<\/ul>\n<p>UTN-FRSC-TEC-UNIV-HIGIENE-Y-SEG-EN-EL-TRABAJO \u00a0 <a class=\"wp-block-file__button wp-element-button\" href=\"https:\/\/www.frsc.utn.edu.ar\/web\/wp-content\/uploads\/2024\/10\/UTNFRSC_TEC_UNIV_HST.pdf\" download=\"\" aria-describedby=\"wp-block-file--media-80e3bcb4-ab97-42fd-84e0-1197c5386510\">Descarga<\/a><\/p><\/div>\n\t\t\t\t\t\t\t\t\t<div class=\"elementor-tab-title elementor-tab-mobile-title\" aria-selected=\"false\" data-tab=\"2\" role=\"tab\" tabindex=\"-1\" aria-controls=\"elementor-tab-content-6762\" aria-expanded=\"false\">Alcance del t\u00edtulo<\/div>\n\t\t\t\t\t<div id=\"elementor-tab-content-6762\" class=\"elementor-tab-content elementor-clearfix\" data-tab=\"2\" role=\"tabpanel\" aria-labelledby=\"elementor-tab-title-6762\" tabindex=\"0\" hidden=\"hidden\"><ul>\n<li>Participar en la planificaci\u00f3n, organizaci\u00f3n, control y evaluaci\u00f3n de aspectos relacionados a la gesti\u00f3n de la higiene y seguridad en el trabajo en los \u00e1mbitos laborales.<\/li>\n<!-- \/wp:list-item --><!-- wp:list-item -->\n<li>Intervenir en el an\u00e1lisis, control y evaluaci\u00f3n de situaciones inherentes a riesgos de contaminaci\u00f3n qu\u00edmica, biol\u00f3gica, radioactiva y otros riesgos de trabajo.<\/li>\n<!-- \/wp:list-item --><!-- wp:list-item -->\n<li>Implementar programas de capacitaci\u00f3n en prevenci\u00f3n y protecci\u00f3n de riesgos y accidentes en el trabajo.<\/li>\n<!-- \/wp:list-item --><!-- wp:list-item -->\n<li>Colaborar, con un enfoque preventivo y ergon\u00f3mico, en el dise\u00f1o de equipos e instalaciones industriales en los diversos puestos de trabajo.<\/li>\n<!-- \/wp:list-item --><!-- wp:list-item -->\n<li>Colaborar con la creaci\u00f3n de normas necesarias para propender y cumplir con las condiciones legales en seguridad e higiene industrial.<\/li>\n<!-- \/wp:list-item --><!-- wp:list-item -->\n<li>Auditar el cumplimiento de la normativa vigente en materia de seguridad e higiene en el trabajo.<\/li>\n<!-- \/wp:list-item --><!-- wp:list-item -->\n<li>Integrar equipos interdisciplinarios abocados al an\u00e1lisis y mejoramiento en cuestiones espec\u00edficas del \u00e1rea.<\/li>\n<\/ul><\/div>\n\t\t\t\t\t\t\t\t\t<div class=\"elementor-tab-title elementor-tab-mobile-title\" aria-selected=\"false\" data-tab=\"3\" role=\"tab\" tabindex=\"-1\" aria-controls=\"elementor-tab-content-6763\" aria-expanded=\"false\">Requisitos de ingreso<\/div>\n\t\t\t\t\t<div id=\"elementor-tab-content-6763\" class=\"elementor-tab-content elementor-clearfix\" data-tab=\"3\" role=\"tabpanel\" aria-labelledby=\"elementor-tab-title-6763\" tabindex=\"0\" hidden=\"hidden\"><p><b>Requisitos:<\/b><\/p>\n<p><span style=\"font-weight: 400;\">Para ingresar a la carrera se debe poseer t\u00edtulo y\/o certificaci\u00f3n oficial de haber concluido el nivel medio expedido por instituci\u00f3n reconocida por las autoridades educativas jurisdiccionales o atenerse a las excepciones que marcan la legislaci\u00f3n y normativa vigentes.<\/span><\/p>\n<p>\u00a0<\/p>\n<p><span style=\"font-weight: 400;\">Certificado Anal\u00edtico o Constancia de T\u00edtulo en tr\u00e1mite.<\/span><\/p>\n<p><span style=\"font-weight: 400;\">Fotocopia DNI.<\/span><\/p>\n<p><span style=\"font-weight: 400;\">3 fotos carnet 4\u00d74.<\/span><\/p>\n<p><span style=\"font-weight: 400;\">Copia de Partida de Nacimiento.<\/span><\/p>\n<p><span style=\"font-weight: 400;\">Copia de Constancia de CUIL.<\/span><\/p>\n<p><span style=\"font-weight: 400;\">Duraci\u00f3n:<\/span><\/p>\n<p><span style=\"font-weight: 400;\">La duraci\u00f3n de la tecnicatura es de TRES (3) a\u00f1os con una carga horaria de mil novecientas veinte (1.920) horas.<\/span><\/p>\n<p>\u00a0<\/p>\n<p>Si ten\u00e9s secundario completo, inscribite haciendo <a href=\"https:\/\/forms.office.com\/pages\/responsepage.aspx?id=zdsUQOBKi0ererGUIbDtjwStzLnbGLtPkHamtb42ik5UMFg4UjFPUkc5SzVXRDQwVVQ5OEhERTFUNC4u\">clic ac\u00e1<\/a>\u00a0<\/p>\n<p>Si sos mayor de 25 a\u00f1os y no tenes el secundario completo, pre inscribite haciendo <a href=\"https:\/\/forms.office.com\/pages\/responsepage.aspx?id=zdsUQOBKi0ererGUIbDtjw3UL7mDvG5GrZWD4yDhYu5UQUlXSFkzVzlJSk1MQkhMQ1UwQTgzVDRZNC4u\">clic ac\u00e1<\/a><\/p>\n<p>\u00a0<\/p>\n<p><a href=\"https:\/\/www.frsc.utn.edu.ar\/web\/wp-content\/uploads\/2022\/01\/986_2003TUHST.pdf\"><b>Ordenaza 986_2003 Tecnicatura Universitaria en Higiene y Seguridad en el Trabajo<\/b><\/a><\/p><\/div>\n\t\t\t\t\t\t\t\t\t<div class=\"elementor-tab-title elementor-tab-mobile-title\" aria-selected=\"false\" data-tab=\"4\" role=\"tab\" tabindex=\"-1\" aria-controls=\"elementor-tab-content-6764\" aria-expanded=\"false\">\u00a1Inscribite!<\/div>\n\t\t\t\t\t<div id=\"elementor-tab-content-6764\" class=\"elementor-tab-content elementor-clearfix\" data-tab=\"4\" role=\"tabpanel\" aria-labelledby=\"elementor-tab-title-6764\" tabindex=\"0\" hidden=\"hidden\"><p style=\"text-align: center;\"><a href=\"https:\/\/www.frsc.utn.edu.ar\/web\/elementor-3969\/\">INSCRIPCIONES 2026<\/a><\/p><\/div>\n\t\t\t\t\t\t\t<\/div>\n\t\t<\/div>\n\t\t\t\t\t\t<\/div>\n\t\t\t\t<\/div>\n\t\t\t\t\t<\/div>\n\t\t<\/div>\n\t\t\t\t\t<\/div>\n\t\t<\/section>\n\t\t\t\t<section class=\"elementor-section elementor-top-section elementor-element elementor-element-c4a93d7 elementor-section-boxed elementor-section-height-default elementor-section-height-default\" data-id=\"c4a93d7\" data-element_type=\"section\" data-e-type=\"section\">\n\t\t\t\t\t\t<div class=\"elementor-container elementor-column-gap-default\">\n\t\t\t\t\t<div class=\"elementor-column elementor-col-100 elementor-top-column elementor-element elementor-element-42aa419\" data-id=\"42aa419\" data-element_type=\"column\" data-e-type=\"column\">\n\t\t\t<div class=\"elementor-widget-wrap elementor-element-populated\">\n\t\t\t\t\t\t<div class=\"elementor-element elementor-element-10ee0f2 elementor-widget elementor-widget-embedpress_pdf\" data-id=\"10ee0f2\" data-element_type=\"widget\" data-e-type=\"widget\" data-widget_type=\"embedpress_pdf.default\">\n\t\t\t\t<div class=\"elementor-widget-container\">\n\t\t\t\t\t    <div class=\"embedpress-document-embed ep-doc-18aa19cf326bfa2db45e9bfeafc9301a ose-document emebedpress-unit-px \" data-thememode=\"default\" data-customcolor=\"\" data-toolbar=\"yes\" data-toolbar-position=\"top\" data-open=\"no\" data-presentation-mode=\"yes\" data-download=\"yes\" data-copy=\"yes\" data-add-image=\"yes\" data-rotate=\"yes\" data-details=\"yes\" data-id=\"embedpress-pdf-10ee0f2\" data-selection-tool=\"0\" data-scrolling=\"0\" data-spreads=\"-1\" style=\" max-width:100%; display: inline-block\">\n\n        \n                <div >\n\n                    <div id=\"ep-elementor-content-10ee0f2\" class=\"ep-elementor-content  ep-fixed-width   ep-content-protection-disabled\">\n                        <div id=\"10ee0f2\" class=\"ep-embed-content-wraper\">\n                            <div><iframe title=\"UTNFRSC_TEC_UNIV_HST\" class=\"embedpress-embed-document-pdf embedpress-pdf-10ee0f2 lazyload\" style=\"width: 853px!important;height: 550px;; max-width:100%; display: inline-block\" data-src=\"https:\/\/www.frsc.utn.edu.ar\/web\/wp-admin\/admin-ajax.php?action=get_viewer&#038;file=https%3A%2F%2Fwww.frsc.utn.edu.ar%2Fweb%2Fwp-content%2Fuploads%2F2024%2F10%2FUTNFRSC_TEC_UNIV_HST.pdf&#038;scrolling=0&#038;selection_tool=0&#038;spreads=-1#key=dGhlbWVNb2RlPWRlZmF1bHQmdG9vbGJhcj10cnVlJnBvc2l0aW9uPXRvcCZwcmVzZW50YXRpb249dHJ1ZSZsYXp5TG9hZD1mYWxzZSZkb3dubG9hZD10cnVlJmNvcHlfdGV4dD10cnVlJmFkZF90ZXh0PXRydWUmZHJhdz10cnVlJmFkZF9pbWFnZT10cnVlJnBkZl9yb3RhdGlvbj10cnVlJnBkZl9kZXRhaWxzPXRydWUmem9vbV9pbj10cnVlJnpvb21fb3V0PXRydWUmZml0X3ZpZXc9dHJ1ZSZib29rbWFyaz10cnVlJnNvdW5kPXRydWUmZmxpcGJvb2tfdG9vbGJhcl9wb3NpdGlvbj1ib3R0b20mc2VsZWN0aW9uX3Rvb2w9MCZzY3JvbGxpbmc9MCZzcHJlYWRzPS0xJmlzX3Byb19hY3RpdmU9MCZwYWdlTnVtYmVyPTEmd2F0ZXJtYXJrX3RleHQ9JndhdGVybWFya19mb250X3NpemU9NDgmd2F0ZXJtYXJrX2NvbG9yPSUyMzAwMDAwMCZ3YXRlcm1hcmtfb3BhY2l0eT0xNSZ3YXRlcm1hcmtfc3R5bGU9Y2VudGVy&#038;zoom=auto\" class=\"embedpress-embed-document-pdf embedpress-pdf-10ee0f2 lazyload\" data-emid=\"embedpress-pdf-10ee0f2\" data-embed-type=\"PDF\" frameborder=\"0\" src=\"data:image\/svg+xml;base64,PHN2ZyB3aWR0aD0iMSIgaGVpZ2h0PSIxIiB4bWxucz0iaHR0cDovL3d3dy53My5vcmcvMjAwMC9zdmciPjwvc3ZnPg==\" data-load-mode=\"1\"><\/iframe><p class=\"embedpress-el-powered\">Powered By EmbedPress<\/p><\/div>                        <\/div>\n\n                    <\/div>\n\n\n                   \n                <\/div>\n            \n    <\/div>\n\n\t\t\t\t<\/div>\n\t\t\t\t<\/div>\n\t\t\t\t\t<\/div>\n\t\t<\/div>\n\t\t\t\t\t<\/div>\n\t\t<\/section>\n\t\t\t\t<\/div>\n\t\t","protected":false},"excerpt":{"rendered":"<p>Informaci\u00f3n general Alcance del t\u00edtulo Requisitos de ingreso \u00a1Inscribite! Informaci\u00f3n general Es una carrera aprobada mediante la Ordenanza #986_2003 \u00a0 La Tecnicatura Universitaria en Higiene y Seguridad en el Trabajo propone la formaci\u00f3n integral del estudiantado, brind\u00e1ndoles las herramientas necesarias para desarrollar funciones de reducci\u00f3n y prevenci\u00f3n de los riesgos laborales que se generan en [&hellip;]<\/p>\n","protected":false},"author":1,"featured_media":3588,"parent":0,"menu_order":0,"comment_status":"closed","ping_status":"closed","template":"","meta":{"zakra_page_container_layout":"customizer","zakra_page_sidebar_layout":"customizer","zakra_remove_content_margin":false,"zakra_sidebar":"customizer","zakra_transparent_header":"customizer","zakra_logo":0,"zakra_main_header_style":"default","zakra_menu_item_color":"","zakra_menu_item_hover_color":"","zakra_menu_item_active_color":"","zakra_menu_active_style":"","zakra_page_header":true,"footnotes":""},"class_list":["post-874","page","type-page","status-publish","has-post-thumbnail","hentry"],"_links":{"self":[{"href":"https:\/\/www.frsc.utn.edu.ar\/web\/wp-json\/wp\/v2\/pages\/874","targetHints":{"allow":["GET"]}}],"collection":[{"href":"https:\/\/www.frsc.utn.edu.ar\/web\/wp-json\/wp\/v2\/pages"}],"about":[{"href":"https:\/\/www.frsc.utn.edu.ar\/web\/wp-json\/wp\/v2\/types\/page"}],"author":[{"embeddable":true,"href":"https:\/\/www.frsc.utn.edu.ar\/web\/wp-json\/wp\/v2\/users\/1"}],"replies":[{"embeddable":true,"href":"https:\/\/www.frsc.utn.edu.ar\/web\/wp-json\/wp\/v2\/comments?post=874"}],"version-history":[{"count":63,"href":"https:\/\/www.frsc.utn.edu.ar\/web\/wp-json\/wp\/v2\/pages\/874\/revisions"}],"predecessor-version":[{"id":4060,"href":"https:\/\/www.frsc.utn.edu.ar\/web\/wp-json\/wp\/v2\/pages\/874\/revisions\/4060"}],"wp:featuredmedia":[{"embeddable":true,"href":"https:\/\/www.frsc.utn.edu.ar\/web\/wp-json\/wp\/v2\/media\/3588"}],"wp:attachment":[{"href":"https:\/\/www.frsc.utn.edu.ar\/web\/wp-json\/wp\/v2\/media?parent=874"}],"curies":[{"name":"wp","href":"https:\/\/api.w.org\/{rel}","templated":true}]}}