{"id":767,"date":"2020-09-30T21:43:05","date_gmt":"2020-09-30T21:43:05","guid":{"rendered":"https:\/\/www.frsc.utn.edu.ar\/web\/?page_id=767"},"modified":"2020-11-19T21:08:03","modified_gmt":"2020-11-19T21:08:03","slug":"secretarias","status":"publish","type":"page","link":"https:\/\/www.frsc.utn.edu.ar\/web\/secretarias\/","title":{"rendered":"Secretar\u00edas"},"content":{"rendered":"\n<p><strong>Secretarias Acad\u00e9mica <\/strong><\/p>\n\n\n\n<p><strong>Secretar\u00eda de Cultura y Extensi\u00f3n Universitaria <\/strong><\/p>\n\n\n\n<p><strong>Secretar\u00eda Administrativa<\/strong><\/p>\n\n\n\n<p><strong>Secretar\u00eda de Ciencia, Tecnolog\u00eda y Postgrado<\/strong><\/p>\n\n\n\n<p><strong>Secretar\u00eda de Asuntos Estudiantiles<\/strong><\/p>\n","protected":false},"excerpt":{"rendered":"<p>Secretarias Acad\u00e9mica Secretar\u00eda de Cultura y Extensi\u00f3n Universitaria Secretar\u00eda Administrativa Secretar\u00eda de Ciencia, Tecnolog\u00eda y Postgrado Secretar\u00eda de Asuntos Estudiantiles<\/p>\n","protected":false},"author":1,"featured_media":0,"parent":0,"menu_order":0,"comment_status":"closed","ping_status":"closed","template":"","meta":{"zakra_page_container_layout":"customizer","zakra_page_sidebar_layout":"customizer","zakra_remove_content_margin":false,"zakra_sidebar":"customizer","zakra_transparent_header":"customizer","zakra_logo":0,"zakra_main_header_style":"default","zakra_menu_item_color":"","zakra_menu_item_hover_color":"","zakra_menu_item_active_color":"","zakra_menu_active_style":"","zakra_page_header":true,"footnotes":""},"class_list":["post-767","page","type-page","status-publish","hentry"],"_links":{"self":[{"href":"https:\/\/www.frsc.utn.edu.ar\/web\/wp-json\/wp\/v2\/pages\/767","targetHints":{"allow":["GET"]}}],"collection":[{"href":"https:\/\/www.frsc.utn.edu.ar\/web\/wp-json\/wp\/v2\/pages"}],"about":[{"href":"https:\/\/www.frsc.utn.edu.ar\/web\/wp-json\/wp\/v2\/types\/page"}],"author":[{"embeddable":true,"href":"https:\/\/www.frsc.utn.edu.ar\/web\/wp-json\/wp\/v2\/users\/1"}],"replies":[{"embeddable":true,"href":"https:\/\/www.frsc.utn.edu.ar\/web\/wp-json\/wp\/v2\/comments?post=767"}],"version-history":[{"count":3,"href":"https:\/\/www.frsc.utn.edu.ar\/web\/wp-json\/wp\/v2\/pages\/767\/revisions"}],"predecessor-version":[{"id":1041,"href":"https:\/\/www.frsc.utn.edu.ar\/web\/wp-json\/wp\/v2\/pages\/767\/revisions\/1041"}],"wp:attachment":[{"href":"https:\/\/www.frsc.utn.edu.ar\/web\/wp-json\/wp\/v2\/media?parent=767"}],"curies":[{"name":"wp","href":"https:\/\/api.w.org\/{rel}","templated":true}]}}