{"id":648,"date":"2020-09-29T13:44:33","date_gmt":"2020-09-29T13:44:33","guid":{"rendered":"https:\/\/www.frsc.utn.edu.ar\/web\/?page_id=648"},"modified":"2025-12-12T10:16:53","modified_gmt":"2025-12-12T13:16:53","slug":"ingenieria-electromecanica","status":"publish","type":"page","link":"https:\/\/www.frsc.utn.edu.ar\/web\/ingenieria-electromecanica\/","title":{"rendered":"UTNFRSC | Ingenier\u00eda Electromec\u00e1nica"},"content":{"rendered":"\t\t<div data-elementor-type=\"wp-page\" data-elementor-id=\"648\" class=\"elementor elementor-648\">\n\t\t\t\t\t\t<section class=\"elementor-section elementor-top-section elementor-element elementor-element-0f7cb5e elementor-section-boxed elementor-section-height-default elementor-section-height-default\" data-id=\"0f7cb5e\" data-element_type=\"section\" data-e-type=\"section\">\n\t\t\t\t\t\t<div class=\"elementor-container elementor-column-gap-default\">\n\t\t\t\t\t<div class=\"elementor-column elementor-col-100 elementor-top-column elementor-element elementor-element-892ccf6\" data-id=\"892ccf6\" data-element_type=\"column\" data-e-type=\"column\">\n\t\t\t<div class=\"elementor-widget-wrap elementor-element-populated\">\n\t\t\t\t\t\t<div class=\"elementor-element elementor-element-6db8d7d elementor-widget elementor-widget-image\" data-id=\"6db8d7d\" data-element_type=\"widget\" data-e-type=\"widget\" data-widget_type=\"image.default\">\n\t\t\t\t<div class=\"elementor-widget-container\">\n\t\t\t\t\t\t\t\t\t\t\t\t\t\t\t<img fetchpriority=\"high\" decoding=\"async\" width=\"1024\" height=\"576\" src=\"https:\/\/www.frsc.utn.edu.ar\/web\/wp-content\/uploads\/2024\/10\/UTNFRSC-WEB-2025-03-1024x576.png\" class=\"attachment-large size-large wp-image-3551\" alt=\"\" srcset=\"https:\/\/www.frsc.utn.edu.ar\/web\/wp-content\/uploads\/2024\/10\/UTNFRSC-WEB-2025-03-1024x576.png 1024w, https:\/\/www.frsc.utn.edu.ar\/web\/wp-content\/uploads\/2024\/10\/UTNFRSC-WEB-2025-03-300x169.png 300w, https:\/\/www.frsc.utn.edu.ar\/web\/wp-content\/uploads\/2024\/10\/UTNFRSC-WEB-2025-03-768x432.png 768w, https:\/\/www.frsc.utn.edu.ar\/web\/wp-content\/uploads\/2024\/10\/UTNFRSC-WEB-2025-03-1536x864.png 1536w, https:\/\/www.frsc.utn.edu.ar\/web\/wp-content\/uploads\/2024\/10\/UTNFRSC-WEB-2025-03-2048x1152.png 2048w\" sizes=\"(max-width: 1024px) 100vw, 1024px\" \/>\t\t\t\t\t\t\t\t\t\t\t\t\t\t\t<\/div>\n\t\t\t\t<\/div>\n\t\t\t\t\t<\/div>\n\t\t<\/div>\n\t\t\t\t\t<\/div>\n\t\t<\/section>\n\t\t\t\t<section class=\"elementor-section elementor-top-section elementor-element elementor-element-dd8e2d7 elementor-section-boxed elementor-section-height-default elementor-section-height-default\" data-id=\"dd8e2d7\" data-element_type=\"section\" data-e-type=\"section\">\n\t\t\t\t\t\t<div class=\"elementor-container elementor-column-gap-default\">\n\t\t\t\t\t<div class=\"elementor-column elementor-col-100 elementor-top-column elementor-element elementor-element-db2b997\" data-id=\"db2b997\" data-element_type=\"column\" data-e-type=\"column\">\n\t\t\t<div class=\"elementor-widget-wrap elementor-element-populated\">\n\t\t\t\t\t\t<div class=\"elementor-element elementor-element-bcd45d7 elementor-tabs-view-horizontal elementor-widget elementor-widget-tabs\" data-id=\"bcd45d7\" data-element_type=\"widget\" data-e-type=\"widget\" data-widget_type=\"tabs.default\">\n\t\t\t\t<div class=\"elementor-widget-container\">\n\t\t\t\t\t\t\t<div class=\"elementor-tabs\">\n\t\t\t<div class=\"elementor-tabs-wrapper\" role=\"tablist\" >\n\t\t\t\t\t\t\t\t\t<div id=\"elementor-tab-title-1981\" class=\"elementor-tab-title elementor-tab-desktop-title\" aria-selected=\"true\" data-tab=\"1\" role=\"tab\" tabindex=\"0\" aria-controls=\"elementor-tab-content-1981\" aria-expanded=\"false\">Informaci\u00f3n general<\/div>\n\t\t\t\t\t\t\t\t\t<div id=\"elementor-tab-title-1982\" class=\"elementor-tab-title elementor-tab-desktop-title\" aria-selected=\"false\" data-tab=\"2\" role=\"tab\" tabindex=\"-1\" aria-controls=\"elementor-tab-content-1982\" aria-expanded=\"false\">Alcances del t\u00edtulo<\/div>\n\t\t\t\t\t\t\t\t\t<div id=\"elementor-tab-title-1983\" class=\"elementor-tab-title elementor-tab-desktop-title\" aria-selected=\"false\" data-tab=\"3\" role=\"tab\" tabindex=\"-1\" aria-controls=\"elementor-tab-content-1983\" aria-expanded=\"false\">Requisitos de ingreso<\/div>\n\t\t\t\t\t\t\t\t\t<div id=\"elementor-tab-title-1984\" class=\"elementor-tab-title elementor-tab-desktop-title\" aria-selected=\"false\" data-tab=\"4\" role=\"tab\" tabindex=\"-1\" aria-controls=\"elementor-tab-content-1984\" aria-expanded=\"false\">INSCRIBITE<\/div>\n\t\t\t\t\t\t\t<\/div>\n\t\t\t<div class=\"elementor-tabs-content-wrapper\" role=\"tablist\" aria-orientation=\"vertical\">\n\t\t\t\t\t\t\t\t\t<div class=\"elementor-tab-title elementor-tab-mobile-title\" aria-selected=\"true\" data-tab=\"1\" role=\"tab\" tabindex=\"0\" aria-controls=\"elementor-tab-content-1981\" aria-expanded=\"false\">Informaci\u00f3n general<\/div>\n\t\t\t\t\t<div id=\"elementor-tab-content-1981\" class=\"elementor-tab-content elementor-clearfix\" data-tab=\"1\" role=\"tabpanel\" aria-labelledby=\"elementor-tab-title-1981\" tabindex=\"0\" hidden=\"false\"><p><a href=\"https:\/\/sac.sanfrancisco.utn.edu.ar\/documentos\/Ordenanzas\/Ord%201029%20Electromec%C3%A1nica%20-%20DC.pdf\"><span style=\"font-weight: 400;\">Carrera acreditada mediante ordenanza CS N\u00b0 1029<\/span><\/a><\/p><p><span style=\"font-weight: 400;\">La carrera tiene como objetivo preparar profesionales en Ingenier\u00eda Electromec\u00e1nica, capaces de actuar con eficiencia, responsabilidad, creatividad, sentido\u00a0 cr\u00edtico y sensibilidad social, para satisfacer las necesidades del medio socio productivo, y para\u00a0 generar y emprender alternativas innovadoras que promuevan sustentablemente el desarrollo\u00a0 econ\u00f3mico nacional y regional, en un marco de justicia social y solidaridad.\u00a0<\/span><\/p><p><span style=\"font-weight: 400;\">Para lograr este objetivo, la carrera brinda una s\u00f3lida formaci\u00f3n t\u00e9cnica y principios \u00e9ticos en el\u00a0 ejercicio de la profesi\u00f3n que permite dise\u00f1ar y ejecutar creativamente proyectos de ingenier\u00eda\u00a0 con criterios de m\u00e1xima calidad y competitividad, atendiendo a los Objetivos de Desarrollo\u00a0 Sostenible y utilizando racionalmente los recursos naturales del pa\u00eds o de la regi\u00f3n, y la\u00a0 preservaci\u00f3n y conservaci\u00f3n del ambiente natural y humano. Desarrollar habilidades para el\u00a0 trabajo en equipos multidisciplinarios, aptitudes para la comunicaci\u00f3n efectiva, interactuando en todos los posibles niveles del ejercicio profesional y con capacidades para ejercer en planos\u00a0 directivos, dentro de la industria y la sociedad, con nivel cultural y human\u00edstico acordes con su\u00a0 jerarqu\u00eda universitaria. Finalmente, ser capaces de emprender la formaci\u00f3n continua que exige\u00a0 el ejercicio de la profesi\u00f3n.<\/span><\/p><p><span style=\"font-weight: 400;\">Quienes se grad\u00faen podr\u00e1n afrontar con \u00e9xito problemas surgidos en el \u00e1mbito de los sistemas el\u00e9ctricos, mec\u00e1nicos, t\u00e9rmicos, hidr\u00e1ulicos e industriales en general, haciendo uso de sus conocimientos, t\u00e9cnicas y\u00a0 habilidades para generar soluciones.<\/span><\/p><p><b>Perfil del Ingeniero y la Ingeniera electromec\u00e1nicos\/as:<\/b><\/p><p><span style=\"font-weight: 400;\">Son profesionales con solvencia para afrontar con \u00e9xito los problemas surgidos en el \u00e1mbito de los sistemas el\u00e9ctricos, mec\u00e1nicos, t\u00e9rmicos, hidr\u00e1ulicos e industriales en general. Su formaci\u00f3n debe lograrse sin caer en una excesiva especializaci\u00f3n que restrinja su campo de acci\u00f3n, ni tampoco en la \u201cgeneralizaci\u00f3n\u201d enciclopedista. Con la aplicaci\u00f3n correcta de las herramientas adquiridas, el ingeniero podr\u00e1 resolver problemas nuevos, de g\u00e9nesis distinta, utilizando su capacidad de discernimiento. En resumen, la Universidad debe preparar al profesional para saber \u201ccu\u00e1ndo, c\u00f3mo y d\u00f3nde\u201d aplicar sus conocimientos, t\u00e9cnicas y habilidades para generar soluciones.<\/span><\/p><\/div>\n\t\t\t\t\t\t\t\t\t<div class=\"elementor-tab-title elementor-tab-mobile-title\" aria-selected=\"false\" data-tab=\"2\" role=\"tab\" tabindex=\"-1\" aria-controls=\"elementor-tab-content-1982\" aria-expanded=\"false\">Alcances del t\u00edtulo<\/div>\n\t\t\t\t\t<div id=\"elementor-tab-content-1982\" class=\"elementor-tab-content elementor-clearfix\" data-tab=\"2\" role=\"tabpanel\" aria-labelledby=\"elementor-tab-title-1982\" tabindex=\"0\" hidden=\"hidden\"><p>\u00a0<\/p><ul><li style=\"font-weight: 400;\" aria-level=\"1\"><span style=\"font-weight: 400;\">Dise\u00f1ar, calcular y proyectar m\u00e1quinas, equipos, dispositivos, instalaciones y\u00a0 sistemas el\u00e9ctricos y\/o mec\u00e1nicos, sistemas e instalaciones de automatizaci\u00f3n y control y\u00a0 sistemas de generaci\u00f3n, transformaci\u00f3n, transporte y distribuci\u00f3n de energ\u00eda el\u00e9ctrica,\u00a0 mec\u00e1nica y t\u00e9rmica.<\/span><\/li><li style=\"font-weight: 400;\" aria-level=\"1\"><span style=\"font-weight: 400;\">Operar y controlar laboratorios de ensayos y control de calidad vinculados con sistemas electromec\u00e1nicos.\u00a0<\/span><\/li><li style=\"font-weight: 400;\" aria-level=\"1\"><span style=\"font-weight: 400;\">Realizar asesoramiento, certificaci\u00f3n y peritaje en asuntos de ingenier\u00eda legal,\u00a0 econ\u00f3mica y financiera relacionado con m\u00e1quinas, equipos, dispositivos, instalaciones y sistemas el\u00e9ctricos y\/o mec\u00e1nicos, sistemas e instalaciones de automatizaci\u00f3n y control y\u00a0 sistemas de generaci\u00f3n, transformaci\u00f3n, transporte y distribuci\u00f3n de energ\u00eda el\u00e9ctrica,\u00a0 mec\u00e1nica y t\u00e9rmica.\u00a0<\/span><\/li><li style=\"font-weight: 400;\" aria-level=\"1\"><span style=\"font-weight: 400;\">Medir, evaluar, verificar y controlar lo concerniente a la actividad profesional,\u00a0 considerando los aspectos relacionados con la higiene, seguridad, impacto ambiental y la\u00a0 eficiencia energ\u00e9tica.\u00a0<\/span><\/li><\/ul><\/div>\n\t\t\t\t\t\t\t\t\t<div class=\"elementor-tab-title elementor-tab-mobile-title\" aria-selected=\"false\" data-tab=\"3\" role=\"tab\" tabindex=\"-1\" aria-controls=\"elementor-tab-content-1983\" aria-expanded=\"false\">Requisitos de ingreso<\/div>\n\t\t\t\t\t<div id=\"elementor-tab-content-1983\" class=\"elementor-tab-content elementor-clearfix\" data-tab=\"3\" role=\"tabpanel\" aria-labelledby=\"elementor-tab-title-1983\" tabindex=\"0\" hidden=\"hidden\"><p><span style=\"font-weight: 400;\">Para ingresar a la carrera el aspirante deber\u00e1 poseer <\/span><b>t\u00edtulo y\/o certificaci\u00f3n oficial de haber concluido el nivel medio<\/b><span style=\"font-weight: 400;\"> expedido por instituci\u00f3n reconocida por las autoridades educativas jurisdiccionales o atenerse a las excepciones que marcan la legislaci\u00f3n y normativa vigentes.<\/span><\/p><p><span style=\"font-weight: 400;\">Deber\u00e1 realizar la<\/span><b> pre inscripci\u00f3n<\/b><span style=\"font-weight: 400;\"> y luego, cuando sea requerido presentar la siguiente documentaci\u00f3n<\/span><\/p><ul><li style=\"font-weight: 400;\" aria-level=\"1\"><span style=\"font-weight: 400;\">Certificado Anal\u00edtico o Constancia de T\u00edtulo en tr\u00e1mite.<\/span><\/li><li style=\"font-weight: 400;\" aria-level=\"1\"><span style=\"font-weight: 400;\">Fotocopia DNI.<\/span><\/li><li style=\"font-weight: 400;\" aria-level=\"1\"><span style=\"font-weight: 400;\">3 fotos carnet 4\u00d74.<\/span><\/li><li style=\"font-weight: 400;\" aria-level=\"1\"><span style=\"font-weight: 400;\">Copia de Partida de Nacimiento.<\/span><\/li><li style=\"font-weight: 400;\" aria-level=\"1\"><span style=\"font-weight: 400;\">Copia de Constancia de CUIL.<\/span><\/li><\/ul><p><span style=\"font-weight: 400;\">Realizar el seminario de vinculaci\u00f3n universitaria es el primer paso para iniciar satisfactoriamente tu carrera.<\/span><\/p><p><b>Duraci\u00f3n de la carrera<\/b><b><br \/><\/b><span style=\"font-weight: 400;\">5 (cinco) a\u00f1os<\/span><\/p><\/div>\n\t\t\t\t\t\t\t\t\t<div class=\"elementor-tab-title elementor-tab-mobile-title\" aria-selected=\"false\" data-tab=\"4\" role=\"tab\" tabindex=\"-1\" aria-controls=\"elementor-tab-content-1984\" aria-expanded=\"false\">INSCRIBITE<\/div>\n\t\t\t\t\t<div id=\"elementor-tab-content-1984\" class=\"elementor-tab-content elementor-clearfix\" data-tab=\"4\" role=\"tabpanel\" aria-labelledby=\"elementor-tab-title-1984\" tabindex=\"0\" hidden=\"hidden\"><p style=\"text-align: center;\"><a href=\"https:\/\/www.frsc.utn.edu.ar\/web\/elementor-3969\/\">INSCRIPCIONES 2026<\/a><\/p><\/div>\n\t\t\t\t\t\t\t<\/div>\n\t\t<\/div>\n\t\t\t\t\t\t<\/div>\n\t\t\t\t<\/div>\n\t\t\t\t\t<\/div>\n\t\t<\/div>\n\t\t\t\t\t<\/div>\n\t\t<\/section>\n\t\t\t\t<section class=\"elementor-section elementor-top-section elementor-element elementor-element-5ba20fc elementor-section-full_width elementor-section-height-default elementor-section-height-default\" data-id=\"5ba20fc\" data-element_type=\"section\" data-e-type=\"section\">\n\t\t\t\t\t\t<div class=\"elementor-container elementor-column-gap-default\">\n\t\t\t\t\t<div class=\"elementor-column elementor-col-100 elementor-top-column elementor-element elementor-element-15f5140\" data-id=\"15f5140\" data-element_type=\"column\" data-e-type=\"column\">\n\t\t\t<div class=\"elementor-widget-wrap elementor-element-populated\">\n\t\t\t\t\t\t<div class=\"elementor-element elementor-element-4acdb60 elementor-align-center elementor-widget elementor-widget-embedpres_document\" data-id=\"4acdb60\" data-element_type=\"widget\" data-e-type=\"widget\" data-widget_type=\"embedpres_document.default\">\n\t\t\t\t<div class=\"elementor-widget-container\">\n\t\t\t\t\t\n        <div class=\"embedpress-document-embed ep-doc-a320ddc6c3d01e262d1d4512f60803be ose-document \" style=\"width: 858px; height: 550px; max-width:100%; display: inline-block\">\n\n                        <div >\n\n                <div id=\"ep-elementor-content-4acdb60\" class=\"ep-elementor-content    ep-content-protection-disabled\">\n                    <div id=\"4acdb60\" class=\"ep-embed-content-wraper\">\n                        <div class=\"embedpress-embed-document-pdf embedpress-pdf-4acdb60\" data-emid=\"embedpress-pdf-4acdb60\" data-embedpress-content=\"af41fb1073db8846f46e8df80b073aff\" data-embed-type=\"Document\" data-emsrc=\"https:\/\/www.frsc.utn.edu.ar\/web\/wp-content\/uploads\/2024\/10\/UTN_FRSC_ING_ELECTROMECANICA.pdf\"><iframe title=\"UTN_FRSC_ING_ELECTROMECANICA\" class=\"embedpress-embed-document-pdf embedpress-pdf-4acdb60 lazyload\" style=\"width: 858px; height: 550px; max-width:100%; display: inline-block\" data-src=\"https:\/\/www.frsc.utn.edu.ar\/web\/wp-admin\/admin-ajax.php?action=get_viewer&#038;file=https%3A%2F%2Fwww.frsc.utn.edu.ar%2Fweb%2Fwp-content%2Fuploads%2F2024%2F10%2FUTN_FRSC_ING_ELECTROMECANICA.pdf#key=dGhlbWVNb2RlPWRlZmF1bHQmdG9vbGJhcj10cnVlJnBvc2l0aW9uPXRvcCZwcmVzZW50YXRpb249ZmFsc2UmbGF6eUxvYWQ9ZmFsc2UmZG93bmxvYWQ9dHJ1ZSZjb3B5X3RleHQ9dHJ1ZSZhZGRfdGV4dD1mYWxzZSZkcmF3PXRydWUmYWRkX2ltYWdlPWZhbHNlJnBkZl9yb3RhdGlvbj1mYWxzZSZwZGZfZGV0YWlscz1mYWxzZSZ6b29tX2luPXRydWUmem9vbV9vdXQ9dHJ1ZSZmaXRfdmlldz10cnVlJmJvb2ttYXJrPWZhbHNlJnNvdW5kPWZhbHNlJmZsaXBib29rX3Rvb2xiYXJfcG9zaXRpb249Ym90dG9tJnNlbGVjdGlvbl90b29sPTAmc2Nyb2xsaW5nPS0xJnNwcmVhZHM9LTEmaXNfcHJvX2FjdGl2ZT0wJndhdGVybWFya190ZXh0PSZ3YXRlcm1hcmtfZm9udF9zaXplPTQ4JndhdGVybWFya19jb2xvcj0lMjMwMDAwMDAmd2F0ZXJtYXJrX29wYWNpdHk9MTUmd2F0ZXJtYXJrX3N0eWxlPWNlbnRlcg==\" frameborder=\"0\" src=\"data:image\/svg+xml;base64,PHN2ZyB3aWR0aD0iMSIgaGVpZ2h0PSIxIiB4bWxucz0iaHR0cDovL3d3dy53My5vcmcvMjAwMC9zdmciPjwvc3ZnPg==\" data-load-mode=\"1\"><\/iframe><\/div>                    <\/div>\n                <\/div>\n                            <\/div>\n        <\/div>\n\n    \t\t\t\t<\/div>\n\t\t\t\t<\/div>\n\t\t\t\t\t<\/div>\n\t\t<\/div>\n\t\t\t\t\t<\/div>\n\t\t<\/section>\n\t\t\t\t<\/div>\n\t\t","protected":false},"excerpt":{"rendered":"<p>Informaci\u00f3n general Alcances del t\u00edtulo Requisitos de ingreso INSCRIBITE Informaci\u00f3n general Carrera acreditada mediante ordenanza CS N\u00b0 1029 La carrera tiene como objetivo preparar profesionales en Ingenier\u00eda Electromec\u00e1nica, capaces de [&hellip;]<\/p>\n","protected":false},"author":1,"featured_media":0,"parent":0,"menu_order":0,"comment_status":"closed","ping_status":"closed","template":"","meta":{"zakra_page_container_layout":"customizer","zakra_page_sidebar_layout":"customizer","zakra_remove_content_margin":false,"zakra_sidebar":"customizer","zakra_transparent_header":"customizer","zakra_logo":0,"zakra_main_header_style":"default","zakra_menu_item_color":"","zakra_menu_item_hover_color":"","zakra_menu_item_active_color":"","zakra_menu_active_style":"","zakra_page_header":true,"footnotes":""},"class_list":["post-648","page","type-page","status-publish","hentry"],"_links":{"self":[{"href":"https:\/\/www.frsc.utn.edu.ar\/web\/wp-json\/wp\/v2\/pages\/648","targetHints":{"allow":["GET"]}}],"collection":[{"href":"https:\/\/www.frsc.utn.edu.ar\/web\/wp-json\/wp\/v2\/pages"}],"about":[{"href":"https:\/\/www.frsc.utn.edu.ar\/web\/wp-json\/wp\/v2\/types\/page"}],"author":[{"embeddable":true,"href":"https:\/\/www.frsc.utn.edu.ar\/web\/wp-json\/wp\/v2\/users\/1"}],"replies":[{"embeddable":true,"href":"https:\/\/www.frsc.utn.edu.ar\/web\/wp-json\/wp\/v2\/comments?post=648"}],"version-history":[{"count":75,"href":"https:\/\/www.frsc.utn.edu.ar\/web\/wp-json\/wp\/v2\/pages\/648\/revisions"}],"predecessor-version":[{"id":4051,"href":"https:\/\/www.frsc.utn.edu.ar\/web\/wp-json\/wp\/v2\/pages\/648\/revisions\/4051"}],"wp:attachment":[{"href":"https:\/\/www.frsc.utn.edu.ar\/web\/wp-json\/wp\/v2\/media?parent=648"}],"curies":[{"name":"wp","href":"https:\/\/api.w.org\/{rel}","templated":true}]}}