{"id":3605,"date":"2024-10-31T18:59:17","date_gmt":"2024-10-31T21:59:17","guid":{"rendered":"https:\/\/www.frsc.utn.edu.ar\/web\/?page_id=3605"},"modified":"2024-12-11T10:43:13","modified_gmt":"2024-12-11T13:43:13","slug":"utnfrsc-ingreso-por-art7","status":"publish","type":"page","link":"https:\/\/www.frsc.utn.edu.ar\/web\/utnfrsc-ingreso-por-art7\/","title":{"rendered":"UTNFRSC | Ingreso por Art#7"},"content":{"rendered":"\t\t<div data-elementor-type=\"wp-page\" data-elementor-id=\"3605\" class=\"elementor elementor-3605\">\n\t\t\t\t\t\t<section class=\"elementor-section elementor-top-section elementor-element elementor-element-0f7cb5e elementor-section-boxed elementor-section-height-default elementor-section-height-default\" data-id=\"0f7cb5e\" data-element_type=\"section\" data-e-type=\"section\">\n\t\t\t\t\t\t<div class=\"elementor-container elementor-column-gap-default\">\n\t\t\t\t\t<div class=\"elementor-column elementor-col-100 elementor-top-column elementor-element elementor-element-892ccf6\" data-id=\"892ccf6\" data-element_type=\"column\" data-e-type=\"column\">\n\t\t\t<div class=\"elementor-widget-wrap\">\n\t\t\t\t\t\t\t<\/div>\n\t\t<\/div>\n\t\t\t\t\t<\/div>\n\t\t<\/section>\n\t\t\t\t<section class=\"elementor-section elementor-top-section elementor-element elementor-element-dd8e2d7 elementor-section-boxed elementor-section-height-default elementor-section-height-default\" data-id=\"dd8e2d7\" data-element_type=\"section\" data-e-type=\"section\">\n\t\t\t\t\t\t<div class=\"elementor-container elementor-column-gap-default\">\n\t\t\t\t\t<div class=\"elementor-column elementor-col-100 elementor-top-column elementor-element elementor-element-db2b997\" data-id=\"db2b997\" data-element_type=\"column\" data-e-type=\"column\">\n\t\t\t<div class=\"elementor-widget-wrap elementor-element-populated\">\n\t\t\t\t\t\t<div class=\"elementor-element elementor-element-6db8d7d elementor-widget elementor-widget-image\" data-id=\"6db8d7d\" data-element_type=\"widget\" data-e-type=\"widget\" data-widget_type=\"image.default\">\n\t\t\t\t<div class=\"elementor-widget-container\">\n\t\t\t\t\t\t\t\t\t\t\t\t\t\t\t<img fetchpriority=\"high\" decoding=\"async\" width=\"1024\" height=\"576\" src=\"https:\/\/www.frsc.utn.edu.ar\/web\/wp-content\/uploads\/2024\/10\/UTNFRSC-WEB-2025-11-1024x576.png\" class=\"attachment-large size-large wp-image-3606\" alt=\"\" srcset=\"https:\/\/www.frsc.utn.edu.ar\/web\/wp-content\/uploads\/2024\/10\/UTNFRSC-WEB-2025-11-1024x576.png 1024w, https:\/\/www.frsc.utn.edu.ar\/web\/wp-content\/uploads\/2024\/10\/UTNFRSC-WEB-2025-11-300x169.png 300w, https:\/\/www.frsc.utn.edu.ar\/web\/wp-content\/uploads\/2024\/10\/UTNFRSC-WEB-2025-11-768x432.png 768w, https:\/\/www.frsc.utn.edu.ar\/web\/wp-content\/uploads\/2024\/10\/UTNFRSC-WEB-2025-11-1536x864.png 1536w, https:\/\/www.frsc.utn.edu.ar\/web\/wp-content\/uploads\/2024\/10\/UTNFRSC-WEB-2025-11-2048x1152.png 2048w\" sizes=\"(max-width: 1024px) 100vw, 1024px\" \/>\t\t\t\t\t\t\t\t\t\t\t\t\t\t\t<\/div>\n\t\t\t\t<\/div>\n\t\t\t\t<div class=\"elementor-element elementor-element-bcd45d7 elementor-tabs-view-horizontal elementor-widget elementor-widget-tabs\" data-id=\"bcd45d7\" data-element_type=\"widget\" data-e-type=\"widget\" data-widget_type=\"tabs.default\">\n\t\t\t\t<div class=\"elementor-widget-container\">\n\t\t\t\t\t\t\t<div class=\"elementor-tabs\">\n\t\t\t<div class=\"elementor-tabs-wrapper\" role=\"tablist\" >\n\t\t\t\t\t\t\t\t\t<div id=\"elementor-tab-title-1981\" class=\"elementor-tab-title elementor-tab-desktop-title\" aria-selected=\"true\" data-tab=\"1\" role=\"tab\" tabindex=\"0\" aria-controls=\"elementor-tab-content-1981\" aria-expanded=\"false\">Informaci\u00f3n general<\/div>\n\t\t\t\t\t\t\t\t\t<div id=\"elementor-tab-title-1982\" class=\"elementor-tab-title elementor-tab-desktop-title\" aria-selected=\"false\" data-tab=\"2\" role=\"tab\" tabindex=\"-1\" aria-controls=\"elementor-tab-content-1982\" aria-expanded=\"false\">Requisitos de ingreso<\/div>\n\t\t\t\t\t\t\t\t\t<div id=\"elementor-tab-title-1983\" class=\"elementor-tab-title elementor-tab-desktop-title\" aria-selected=\"false\" data-tab=\"3\" role=\"tab\" tabindex=\"-1\" aria-controls=\"elementor-tab-content-1983\" aria-expanded=\"false\">Inscribite<\/div>\n\t\t\t\t\t\t\t<\/div>\n\t\t\t<div class=\"elementor-tabs-content-wrapper\" role=\"tablist\" aria-orientation=\"vertical\">\n\t\t\t\t\t\t\t\t\t<div class=\"elementor-tab-title elementor-tab-mobile-title\" aria-selected=\"true\" data-tab=\"1\" role=\"tab\" tabindex=\"0\" aria-controls=\"elementor-tab-content-1981\" aria-expanded=\"false\">Informaci\u00f3n general<\/div>\n\t\t\t\t\t<div id=\"elementor-tab-content-1981\" class=\"elementor-tab-content elementor-clearfix\" data-tab=\"1\" role=\"tabpanel\" aria-labelledby=\"elementor-tab-title-1981\" tabindex=\"0\" hidden=\"false\"><p><b>Ingreso a la universidad para mayores de 25 a\u00f1os sin secundario completo<\/b><\/p><p><span style=\"color: #000000; font-family: 'Segoe UI', 'Segoe UI Web (West European)', 'Segoe UI', -apple-system, 'system-ui', Roboto, 'Helvetica Neue', sans-serif; font-size: 14px; letter-spacing: normal;\">La Ley de Educaci\u00f3n Superior 24521 en su Art. 7\u00ba, establece que las personas mayores de 25 a\u00f1os, que no tengan completos sus estudios de nivel secundario, puedan ingresar excepcionalmente a las instituciones de Nivel Superior, siempre que demuestren a trav\u00e9s de las evaluaciones que en su caso se establezcan, que tienen preparaci\u00f3n y\/o experiencia laboral acorde con los estudios que se proponen iniciar, as\u00ed como aptitudes y conocimientos suficientes para cursarlos satisfactoriamente [&#8230;]<\/span><br style=\"color: #000000; font-family: 'Segoe UI', 'Segoe UI Web (West European)', 'Segoe UI', -apple-system, 'system-ui', Roboto, 'Helvetica Neue', sans-serif; font-size: 14px; letter-spacing: normal;\" \/><br style=\"color: #000000; font-family: 'Segoe UI', 'Segoe UI Web (West European)', 'Segoe UI', -apple-system, 'system-ui', Roboto, 'Helvetica Neue', sans-serif; font-size: 14px; letter-spacing: normal;\" \/><span style=\"color: #000000; font-family: 'Segoe UI', 'Segoe UI Web (West European)', 'Segoe UI', -apple-system, 'system-ui', Roboto, 'Helvetica Neue', sans-serif; font-size: 14px; letter-spacing: normal;\">La Ordenanza 874\/98 y Ord. 1000\/03 de la Universidad Tecnol\u00f3gica Nacional establece que:<\/span><br style=\"color: #000000; font-family: 'Segoe UI', 'Segoe UI Web (West European)', 'Segoe UI', -apple-system, 'system-ui', Roboto, 'Helvetica Neue', sans-serif; font-size: 14px; letter-spacing: normal;\" \/><span style=\"color: #000000; font-family: 'Segoe UI', 'Segoe UI Web (West European)', 'Segoe UI', -apple-system, 'system-ui', Roboto, 'Helvetica Neue', sans-serif; font-size: 14px; letter-spacing: normal;\">&#8211; Los aspirantes que aprueben la totalidad de las pruebas de evaluaci\u00f3n quedar\u00e1n en id\u00e9nticas condiciones que los aspirantes que han concluido sus estudios de nivel medio o polimodal para cursar las carreras que se dictan en la Universidad Tecnol\u00f3gica Nacional.<\/span><br style=\"color: #000000; font-family: 'Segoe UI', 'Segoe UI Web (West European)', 'Segoe UI', -apple-system, 'system-ui', Roboto, 'Helvetica Neue', sans-serif; font-size: 14px; letter-spacing: normal;\" \/><span style=\"color: #000000; font-family: 'Segoe UI', 'Segoe UI Web (West European)', 'Segoe UI', -apple-system, 'system-ui', Roboto, 'Helvetica Neue', sans-serif; font-size: 14px; letter-spacing: normal;\">&#8211; La aprobaci\u00f3n de las pruebas de evaluaci\u00f3n NO implica que se reconozcan como cumplidos los estudios de nivel medio o polimodal y su validez se limita s\u00f3lo a la prosecuci\u00f3n de estudios en la Universidad Tecnol\u00f3gica Nacional. (Es decir: se encontrar\u00e1n en condiciones de efectuar la preinscripci\u00f3n correspondiente para el desarrollo y aprobaci\u00f3n del Ciclo Introductorio o Seminario de Vinculaci\u00f3n Universitario y tienen validez solo para esta Facultad).<\/span><br style=\"color: #000000; font-family: 'Segoe UI', 'Segoe UI Web (West European)', 'Segoe UI', -apple-system, 'system-ui', Roboto, 'Helvetica Neue', sans-serif; font-size: 14px; letter-spacing: normal;\" \/><span style=\"color: #000000; font-family: 'Segoe UI', 'Segoe UI Web (West European)', 'Segoe UI', -apple-system, 'system-ui', Roboto, 'Helvetica Neue', sans-serif; font-size: 14px; letter-spacing: normal;\">&#8211; La aprobaci\u00f3n de pruebas de evaluaci\u00f3n similares en otras universidades no reemplazan las exigencias establecidas en esta ordenanza.<\/span><br style=\"color: #000000; font-family: 'Segoe UI', 'Segoe UI Web (West European)', 'Segoe UI', -apple-system, 'system-ui', Roboto, 'Helvetica Neue', sans-serif; font-size: 14px; letter-spacing: normal;\" \/><br style=\"color: #000000; font-family: 'Segoe UI', 'Segoe UI Web (West European)', 'Segoe UI', -apple-system, 'system-ui', Roboto, 'Helvetica Neue', sans-serif; font-size: 14px; letter-spacing: normal;\" \/><span style=\"box-sizing: inherit; font-weight: 600; color: #111111; font-family: Lato; letter-spacing: 0.16px;\">Es importante recalcar a los ingresantes que la aprobaci\u00f3n del presente examen no implica reconocimiento de o validez de t\u00edtulo Secundario, e incentivar la culminaci\u00f3n de sus estudios secundarios en cualquieras de las propuestas (EPJA, FiNes, A distancia, etc.)<\/span><\/p><\/div>\n\t\t\t\t\t\t\t\t\t<div class=\"elementor-tab-title elementor-tab-mobile-title\" aria-selected=\"false\" data-tab=\"2\" role=\"tab\" tabindex=\"-1\" aria-controls=\"elementor-tab-content-1982\" aria-expanded=\"false\">Requisitos de ingreso<\/div>\n\t\t\t\t\t<div id=\"elementor-tab-content-1982\" class=\"elementor-tab-content elementor-clearfix\" data-tab=\"2\" role=\"tabpanel\" aria-labelledby=\"elementor-tab-title-1982\" tabindex=\"0\" hidden=\"hidden\"><p style=\"box-sizing: inherit; font-size: 16px; font-style: normal; font-weight: 400; color: #111111; font-family: Lato; letter-spacing: 0.16px;\">El programa de contenidos para cada una de las \u00e1reas, as\u00ed como tambi\u00e9n las bibliograf\u00edas sugeridas para cada caso, ser\u00e1n suministrados a los aspirantes al formalizar su inscripci\u00f3n<\/p><ul class=\"wp-block-list\" style=\"color: #111111; font-family: Lato; letter-spacing: 0.16px;\"><li style=\"box-sizing: inherit;\"><span style=\"box-sizing: inherit; font-weight: 600;\"><u style=\"box-sizing: inherit;\">Evaluaci\u00f3n de competencias generales en dos instancias fijada por calendario acad\u00e9mico:<\/u><\/span><ul><li style=\"box-sizing: inherit;\">1er. Dia:\u00a0\u00a0<span style=\"box-sizing: inherit; font-weight: 600;\">Ciencias Exactas y Naturales<\/span>\u00a0(Matem\u00e1tica, F\u00edsica, Qu\u00edmica y Biolog\u00eda)<\/li><\/ul><ul><li style=\"box-sizing: inherit;\">2do. Dia:\u00a0\u00a0<span style=\"box-sizing: inherit; font-weight: 600;\">Ciencias Sociales<\/span>\u00a0(Literatura, Historia, Geograf\u00eda e Instrucci\u00f3n C\u00edvica)<\/li><\/ul><\/li><\/ul><ul class=\"wp-block-list\" style=\"color: #111111; font-family: Lato; letter-spacing: 0.16px;\"><li style=\"box-sizing: inherit;\"><span style=\"box-sizing: inherit; font-weight: 600;\"><u style=\"box-sizing: inherit;\">Condiciones de Aprobaci\u00f3n:<\/u><\/span><\/li><\/ul><p style=\"box-sizing: inherit; font-size: 16px; font-style: normal; font-weight: 400; color: #111111; font-family: Lato; letter-spacing: 0.16px;\">La prueba tendr\u00e1 un dictamen de\u00a0<span style=\"box-sizing: inherit; font-weight: 600;\">APROBACION<\/span>\u00a0o\u00a0 de\u00a0<span style=\"box-sizing: inherit; font-weight: 600;\">NO APROBACION<\/span>. La evaluaci\u00f3n ser\u00e1 individual y escrita. Los aspirantes dispondr\u00e1n de un m\u00e1ximo de 3 (tres) horas para realizar la misma.<\/p><p style=\"box-sizing: inherit; font-size: 16px; font-style: normal; font-weight: 400; color: #111111; font-family: Lato; letter-spacing: 0.16px;\">NO se aceptar\u00e1n solicitudes de reconsideraci\u00f3n respecto de la calificaci\u00f3n otorgada. En caso de no aprobar el examen, NO podr\u00e1 reinscribirse en el futuro bajo esta modalidad en el \u00e1mbito de la Universidad Tecnol\u00f3gica Nacional.<\/p><p style=\"box-sizing: inherit; margin-bottom: 24px; font-size: 16px; font-style: normal; font-weight: 400; color: #111111; font-family: Lato; letter-spacing: 0.16px;\">Los aspirantes que superen la prueba de evaluaci\u00f3n, quedar\u00e1n en igualdad de condiciones que aquellos aspirantes que han conclu\u00eddo sus estudios de nivel medio y que desean cursar las carreras que se dictan en esta Universidad.<\/p><\/div>\n\t\t\t\t\t\t\t\t\t<div class=\"elementor-tab-title elementor-tab-mobile-title\" aria-selected=\"false\" data-tab=\"3\" role=\"tab\" tabindex=\"-1\" aria-controls=\"elementor-tab-content-1983\" aria-expanded=\"false\">Inscribite<\/div>\n\t\t\t\t\t<div id=\"elementor-tab-content-1983\" class=\"elementor-tab-content elementor-clearfix\" data-tab=\"3\" role=\"tabpanel\" aria-labelledby=\"elementor-tab-title-1983\" tabindex=\"0\" hidden=\"hidden\"><p>Hace clic <a href=\"https:\/\/forms.office.com\/r\/JXMRChXt0C\">aca<\/a><\/p><\/div>\n\t\t\t\t\t\t\t<\/div>\n\t\t<\/div>\n\t\t\t\t\t\t<\/div>\n\t\t\t\t<\/div>\n\t\t\t\t\t<\/div>\n\t\t<\/div>\n\t\t\t\t\t<\/div>\n\t\t<\/section>\n\t\t\t\t<section class=\"elementor-section elementor-top-section elementor-element elementor-element-5ba20fc elementor-section-full_width elementor-section-height-default elementor-section-height-default\" data-id=\"5ba20fc\" data-element_type=\"section\" data-e-type=\"section\">\n\t\t\t\t\t\t<div class=\"elementor-container elementor-column-gap-default\">\n\t\t\t\t\t<div class=\"elementor-column elementor-col-100 elementor-top-column elementor-element elementor-element-15f5140\" data-id=\"15f5140\" data-element_type=\"column\" data-e-type=\"column\">\n\t\t\t<div class=\"elementor-widget-wrap\">\n\t\t\t\t\t\t\t<\/div>\n\t\t<\/div>\n\t\t\t\t\t<\/div>\n\t\t<\/section>\n\t\t\t\t<\/div>\n\t\t","protected":false},"excerpt":{"rendered":"<p>Informaci\u00f3n general Requisitos de ingreso Inscribite Informaci\u00f3n general Ingreso a la universidad para mayores de 25 a\u00f1os sin secundario completo La Ley de Educaci\u00f3n Superior 24521 en su Art. 7\u00ba, [&hellip;]<\/p>\n","protected":false},"author":2,"featured_media":0,"parent":0,"menu_order":0,"comment_status":"closed","ping_status":"closed","template":"","meta":{"zakra_page_container_layout":"customizer","zakra_page_sidebar_layout":"customizer","zakra_remove_content_margin":false,"zakra_sidebar":"customizer","zakra_transparent_header":"customizer","zakra_logo":0,"zakra_main_header_style":"default","zakra_menu_item_color":"","zakra_menu_item_hover_color":"","zakra_menu_item_active_color":"","zakra_menu_active_style":"","zakra_page_header":true,"footnotes":""},"class_list":["post-3605","page","type-page","status-publish","hentry"],"_links":{"self":[{"href":"https:\/\/www.frsc.utn.edu.ar\/web\/wp-json\/wp\/v2\/pages\/3605","targetHints":{"allow":["GET"]}}],"collection":[{"href":"https:\/\/www.frsc.utn.edu.ar\/web\/wp-json\/wp\/v2\/pages"}],"about":[{"href":"https:\/\/www.frsc.utn.edu.ar\/web\/wp-json\/wp\/v2\/types\/page"}],"author":[{"embeddable":true,"href":"https:\/\/www.frsc.utn.edu.ar\/web\/wp-json\/wp\/v2\/users\/2"}],"replies":[{"embeddable":true,"href":"https:\/\/www.frsc.utn.edu.ar\/web\/wp-json\/wp\/v2\/comments?post=3605"}],"version-history":[{"count":9,"href":"https:\/\/www.frsc.utn.edu.ar\/web\/wp-json\/wp\/v2\/pages\/3605\/revisions"}],"predecessor-version":[{"id":3778,"href":"https:\/\/www.frsc.utn.edu.ar\/web\/wp-json\/wp\/v2\/pages\/3605\/revisions\/3778"}],"wp:attachment":[{"href":"https:\/\/www.frsc.utn.edu.ar\/web\/wp-json\/wp\/v2\/media?parent=3605"}],"curies":[{"name":"wp","href":"https:\/\/api.w.org\/{rel}","templated":true}]}}