{"id":2182,"date":"2022-11-14T19:46:25","date_gmt":"2022-11-14T19:46:25","guid":{"rendered":"https:\/\/www.frsc.utn.edu.ar\/web\/?page_id=2182"},"modified":"2025-12-12T10:15:55","modified_gmt":"2025-12-12T13:15:55","slug":"cc-lic-en-administracion-de-empresas","status":"publish","type":"page","link":"https:\/\/www.frsc.utn.edu.ar\/web\/cc-lic-en-administracion-de-empresas\/","title":{"rendered":"UTNFRSC | CC Lic en Administraci\u00f3n de Empresas"},"content":{"rendered":"\t\t<div data-elementor-type=\"wp-page\" data-elementor-id=\"2182\" class=\"elementor elementor-2182\">\n\t\t\t\t\t\t<section class=\"elementor-section elementor-top-section elementor-element elementor-element-68fe5a7 elementor-section-boxed elementor-section-height-default elementor-section-height-default\" data-id=\"68fe5a7\" data-element_type=\"section\" data-e-type=\"section\">\n\t\t\t\t\t\t<div class=\"elementor-container elementor-column-gap-default\">\n\t\t\t\t\t<div class=\"elementor-column elementor-col-100 elementor-top-column elementor-element elementor-element-a72582b\" data-id=\"a72582b\" data-element_type=\"column\" data-e-type=\"column\">\n\t\t\t<div class=\"elementor-widget-wrap elementor-element-populated\">\n\t\t\t\t\t\t<div class=\"elementor-element elementor-element-8428909 elementor-widget elementor-widget-image\" data-id=\"8428909\" data-element_type=\"widget\" data-e-type=\"widget\" data-widget_type=\"image.default\">\n\t\t\t\t<div class=\"elementor-widget-container\">\n\t\t\t\t\t\t\t\t\t\t\t\t\t\t\t<img fetchpriority=\"high\" decoding=\"async\" width=\"1024\" height=\"576\" src=\"https:\/\/www.frsc.utn.edu.ar\/web\/wp-content\/uploads\/2024\/10\/UTNFRSC-WEB-2025-09-1024x576.png\" class=\"attachment-large size-large wp-image-3545\" alt=\"\" srcset=\"https:\/\/www.frsc.utn.edu.ar\/web\/wp-content\/uploads\/2024\/10\/UTNFRSC-WEB-2025-09-1024x576.png 1024w, https:\/\/www.frsc.utn.edu.ar\/web\/wp-content\/uploads\/2024\/10\/UTNFRSC-WEB-2025-09-300x169.png 300w, https:\/\/www.frsc.utn.edu.ar\/web\/wp-content\/uploads\/2024\/10\/UTNFRSC-WEB-2025-09-768x432.png 768w, https:\/\/www.frsc.utn.edu.ar\/web\/wp-content\/uploads\/2024\/10\/UTNFRSC-WEB-2025-09-1536x864.png 1536w, https:\/\/www.frsc.utn.edu.ar\/web\/wp-content\/uploads\/2024\/10\/UTNFRSC-WEB-2025-09-2048x1152.png 2048w\" sizes=\"(max-width: 1024px) 100vw, 1024px\" \/>\t\t\t\t\t\t\t\t\t\t\t\t\t\t\t<\/div>\n\t\t\t\t<\/div>\n\t\t\t\t\t<\/div>\n\t\t<\/div>\n\t\t\t\t\t<\/div>\n\t\t<\/section>\n\t\t\t\t<section class=\"elementor-section elementor-top-section elementor-element elementor-element-cb94100 elementor-section-boxed elementor-section-height-default elementor-section-height-default\" data-id=\"cb94100\" data-element_type=\"section\" data-e-type=\"section\">\n\t\t\t\t\t\t<div class=\"elementor-container elementor-column-gap-default\">\n\t\t\t\t\t<div class=\"elementor-column elementor-col-100 elementor-top-column elementor-element elementor-element-75081aa\" data-id=\"75081aa\" data-element_type=\"column\" data-e-type=\"column\">\n\t\t\t<div class=\"elementor-widget-wrap elementor-element-populated\">\n\t\t\t\t\t\t<div class=\"elementor-element elementor-element-b90d5a0 elementor-tabs-view-horizontal elementor-widget elementor-widget-tabs\" data-id=\"b90d5a0\" data-element_type=\"widget\" data-e-type=\"widget\" data-widget_type=\"tabs.default\">\n\t\t\t\t<div class=\"elementor-widget-container\">\n\t\t\t\t\t\t\t<div class=\"elementor-tabs\">\n\t\t\t<div class=\"elementor-tabs-wrapper\" role=\"tablist\" >\n\t\t\t\t\t\t\t\t\t<div id=\"elementor-tab-title-1941\" class=\"elementor-tab-title elementor-tab-desktop-title\" aria-selected=\"true\" data-tab=\"1\" role=\"tab\" tabindex=\"0\" aria-controls=\"elementor-tab-content-1941\" aria-expanded=\"false\">Informaci\u00f3n general<\/div>\n\t\t\t\t\t\t\t\t\t<div id=\"elementor-tab-title-1942\" class=\"elementor-tab-title elementor-tab-desktop-title\" aria-selected=\"false\" data-tab=\"2\" role=\"tab\" tabindex=\"-1\" aria-controls=\"elementor-tab-content-1942\" aria-expanded=\"false\">Alcance del t\u00edtulo<\/div>\n\t\t\t\t\t\t\t\t\t<div id=\"elementor-tab-title-1943\" class=\"elementor-tab-title elementor-tab-desktop-title\" aria-selected=\"false\" data-tab=\"3\" role=\"tab\" tabindex=\"-1\" aria-controls=\"elementor-tab-content-1943\" aria-expanded=\"false\">Requisitos de ingreso<\/div>\n\t\t\t\t\t\t\t\t\t<div id=\"elementor-tab-title-1944\" class=\"elementor-tab-title elementor-tab-desktop-title\" aria-selected=\"false\" data-tab=\"4\" role=\"tab\" tabindex=\"-1\" aria-controls=\"elementor-tab-content-1944\" aria-expanded=\"false\">\u00a1Inscribite!<\/div>\n\t\t\t\t\t\t\t<\/div>\n\t\t\t<div class=\"elementor-tabs-content-wrapper\" role=\"tablist\" aria-orientation=\"vertical\">\n\t\t\t\t\t\t\t\t\t<div class=\"elementor-tab-title elementor-tab-mobile-title\" aria-selected=\"true\" data-tab=\"1\" role=\"tab\" tabindex=\"0\" aria-controls=\"elementor-tab-content-1941\" aria-expanded=\"false\">Informaci\u00f3n general<\/div>\n\t\t\t\t\t<div id=\"elementor-tab-content-1941\" class=\"elementor-tab-content elementor-clearfix\" data-tab=\"1\" role=\"tabpanel\" aria-labelledby=\"elementor-tab-title-1941\" tabindex=\"0\" hidden=\"false\"><p><span style=\"font-weight: 400;\">El Ciclo de Licenciatura en Administraci\u00f3n es una buena opci\u00f3n para personas que tengan una tecnicatura superior o universitaria en administraci\u00f3n o a f\u00edn, con planes de estudio de m\u00ednimo 2 a\u00f1os y 1400 horas, y que quieran complementar su formaci\u00f3n.<\/span><\/p><p><span style=\"font-weight: 400;\">Esta oferta formativa, desarrolla medios y recursos para optimizar el aprendizaje; permite la actualizaci\u00f3n permanente de los contenidos y es un modelo pedag\u00f3gico que incorpora las TICs a la educaci\u00f3n.<\/span><\/p><p dir=\"ltr\" style=\"margin-top: 0pt; margin-bottom: 0pt; font-size: 16px; font-style: normal; font-weight: 400; letter-spacing: 0.16px; line-height: 1.38;\"><span style=\"font-size: 11pt; font-family: Arial, sans-serif; color: #000000; background-color: transparent; font-variant-numeric: normal; font-variant-east-asian: normal; font-variant-alternates: normal; font-variant-position: normal; font-variant-emoji: normal; vertical-align: baseline; white-space-collapse: preserve;\"><span style=\"font-weight: bold;\">MODALIDAD:<\/span> Consultar en el Departamento de Alumnos<\/span><\/p><p dir=\"ltr\" style=\"margin-top: 0pt; margin-bottom: 0pt; font-size: 16px; font-style: normal; font-weight: 400; letter-spacing: 0.16px; line-height: 1.38;\"><span style=\"color: #000000; font-family: Arial, sans-serif;\"><span style=\"font-size: 14.6667px; white-space-collapse: preserve;\">Mail: <\/span><\/span><a style=\"background-color: #ffffff; color: #3c3f42; transition-property: all; font-family: -apple-system, BlinkMacSystemFont, 'Montserrat Regular', sans-serif; font-weight: var( --e-global-typography-text-font-weight ); overflow-wrap: break-word; font-size: 16.192px; letter-spacing: normal;\" href=\"mailto:dptoalumnos@frsc.utn.edu.ar\">dptoalumnos@frsc.utn.edu.ar<\/a><\/p><p dir=\"ltr\" style=\"margin-top: 0pt; margin-bottom: 0pt; font-size: 16px; font-style: normal; font-weight: 400; letter-spacing: 0.16px; line-height: 1.38;\">Tel\u00e9fono: 2966-429173\u00a0 Int. 215<\/p><p dir=\"ltr\" style=\"margin-top: 0pt; margin-bottom: 0pt; font-size: 16px; font-style: normal; font-weight: 400; letter-spacing: 0.16px; line-height: 1.38;\">\u00a0<\/p><p><a href=\"http:\/\/csu.rec.utn.edu.ar\/CSU\/ORD\/1261.pdf\">Aprobada mediante Ordenanza CS N\u00b01261<\/a><\/p><p><a href=\"https:\/\/www.frsc.utn.edu.ar\/web\/wp-content\/uploads\/2022\/11\/01-UTN-FRSC-CC-LIC-EN-ADMINISTRACION-DE-EMPRESAS-1.pdf\">01-UTN-FRSC-CC-LIC-EN-ADMINISTRACION-DE-EMPRESAS-1<\/a><a href=\"https:\/\/www.frsc.utn.edu.ar\/web\/wp-content\/uploads\/2022\/11\/01-UTN-FRSC-CC-LIC-EN-ADMINISTRACION-DE-EMPRESAS-1.pdf\" download=\"\">Descarga<\/a><\/p><\/div>\n\t\t\t\t\t\t\t\t\t<div class=\"elementor-tab-title elementor-tab-mobile-title\" aria-selected=\"false\" data-tab=\"2\" role=\"tab\" tabindex=\"-1\" aria-controls=\"elementor-tab-content-1942\" aria-expanded=\"false\">Alcance del t\u00edtulo<\/div>\n\t\t\t\t\t<div id=\"elementor-tab-content-1942\" class=\"elementor-tab-content elementor-clearfix\" data-tab=\"2\" role=\"tabpanel\" aria-labelledby=\"elementor-tab-title-1942\" tabindex=\"0\" hidden=\"hidden\"><ul><li>Dise\u00f1ar, planificar e implementar proyectos destinados a crear y gestionar organizaciones de diverso tipo.<\/li><li>Asesorar a organizaciones p\u00fablicas y privadas, con o sin fines de lucre en la utilizaci\u00f3n de las modernas herramientas de gesti\u00f3n.<\/li><li>Realizar tareas de desarrollo en el campo de la gesti\u00f3n de las organizaciones y participar en equipos interdisciplinarios de investigaci\u00f3n.<\/li><\/ul><\/div>\n\t\t\t\t\t\t\t\t\t<div class=\"elementor-tab-title elementor-tab-mobile-title\" aria-selected=\"false\" data-tab=\"3\" role=\"tab\" tabindex=\"-1\" aria-controls=\"elementor-tab-content-1943\" aria-expanded=\"false\">Requisitos de ingreso<\/div>\n\t\t\t\t\t<div id=\"elementor-tab-content-1943\" class=\"elementor-tab-content elementor-clearfix\" data-tab=\"3\" role=\"tabpanel\" aria-labelledby=\"elementor-tab-title-1943\" tabindex=\"0\" hidden=\"hidden\"><p>Podr\u00e1n acceder a cursar la Licenciatura en Administraci\u00f3n de Empresas &#8211; Ciclo de Complementaci\u00f3n Curricular, aquellos aspirantes que posean t\u00edtulo de T\u00e9cnico en el mismo campo disciplinar o afines provenientes de la Universidad Tecnol\u00f3gica Nacional, otra universidad reconocida y\/o Institutos de Ense\u00f1anza Superior reconocidos por la autoridad educativa de la jurisdicci\u00f3n con planes de estudio de DOS (2) o m\u00e1s a\u00f1os de duraci\u00f3n y una carga horaria no menor a 1400 horas reloj.<\/p><\/div>\n\t\t\t\t\t\t\t\t\t<div class=\"elementor-tab-title elementor-tab-mobile-title\" aria-selected=\"false\" data-tab=\"4\" role=\"tab\" tabindex=\"-1\" aria-controls=\"elementor-tab-content-1944\" aria-expanded=\"false\">\u00a1Inscribite!<\/div>\n\t\t\t\t\t<div id=\"elementor-tab-content-1944\" class=\"elementor-tab-content elementor-clearfix\" data-tab=\"4\" role=\"tabpanel\" aria-labelledby=\"elementor-tab-title-1944\" tabindex=\"0\" hidden=\"hidden\"><p><a href=\"https:\/\/www.frsc.utn.edu.ar\/web\/elementor-3969\/\">INSCRIPCIONES 2026<\/a><\/p><\/div>\n\t\t\t\t\t\t\t<\/div>\n\t\t<\/div>\n\t\t\t\t\t\t<\/div>\n\t\t\t\t<\/div>\n\t\t\t\t\t<\/div>\n\t\t<\/div>\n\t\t\t\t\t<\/div>\n\t\t<\/section>\n\t\t\t\t<section class=\"elementor-section elementor-top-section elementor-element elementor-element-e3bca47 elementor-section-boxed elementor-section-height-default elementor-section-height-default\" data-id=\"e3bca47\" data-element_type=\"section\" data-e-type=\"section\">\n\t\t\t\t\t\t<div class=\"elementor-container elementor-column-gap-default\">\n\t\t\t\t\t<div class=\"elementor-column elementor-col-100 elementor-top-column elementor-element elementor-element-a4ae596\" data-id=\"a4ae596\" data-element_type=\"column\" data-e-type=\"column\">\n\t\t\t<div class=\"elementor-widget-wrap elementor-element-populated\">\n\t\t\t\t\t\t<div class=\"elementor-element elementor-element-8d7c139 elementor-widget elementor-widget-embedpress_pdf\" data-id=\"8d7c139\" data-element_type=\"widget\" data-e-type=\"widget\" data-widget_type=\"embedpress_pdf.default\">\n\t\t\t\t<div class=\"elementor-widget-container\">\n\t\t\t\t\t    <div class=\"embedpress-document-embed ep-doc-8671ae078e8a6a82c7895cd5edfa2572 ose-document emebedpress-unit-px \" data-thememode=\"default\" data-customcolor=\"\" data-toolbar=\"yes\" data-toolbar-position=\"top\" data-open=\"no\" data-presentation-mode=\"yes\" data-download=\"yes\" data-copy=\"yes\" data-add-image=\"yes\" data-rotate=\"yes\" data-details=\"yes\" data-id=\"embedpress-pdf-8d7c139\" data-selection-tool=\"0\" data-scrolling=\"0\" data-spreads=\"-1\" style=\" max-width:100%; display: inline-block\">\n\n        \n                <div >\n\n                    <div id=\"ep-elementor-content-8d7c139\" class=\"ep-elementor-content  ep-fixed-width   ep-content-protection-disabled\">\n                        <div id=\"8d7c139\" class=\"ep-embed-content-wraper\">\n                            <div><iframe title=\"UTN FRSC FOLLETOS CC ADMIN\" class=\"embedpress-embed-document-pdf embedpress-pdf-8d7c139 lazyload\" style=\"width: 858px!important;height: 550px;; max-width:100%; display: inline-block\" data-src=\"https:\/\/www.frsc.utn.edu.ar\/web\/wp-admin\/admin-ajax.php?action=get_viewer&#038;file=https%3A%2F%2Fwww.frsc.utn.edu.ar%2Fweb%2Fwp-content%2Fuploads%2F2024%2F10%2FUTN-FRSC-FOLLETOS-CC-ADMIN.pdf&#038;scrolling=0&#038;selection_tool=0&#038;spreads=-1#key=dGhlbWVNb2RlPWRlZmF1bHQmdG9vbGJhcj10cnVlJnBvc2l0aW9uPXRvcCZwcmVzZW50YXRpb249dHJ1ZSZsYXp5TG9hZD1mYWxzZSZkb3dubG9hZD10cnVlJmNvcHlfdGV4dD10cnVlJmFkZF90ZXh0PXRydWUmZHJhdz10cnVlJmFkZF9pbWFnZT10cnVlJnBkZl9yb3RhdGlvbj10cnVlJnBkZl9kZXRhaWxzPXRydWUmem9vbV9pbj10cnVlJnpvb21fb3V0PXRydWUmZml0X3ZpZXc9dHJ1ZSZib29rbWFyaz10cnVlJnNvdW5kPXRydWUmZmxpcGJvb2tfdG9vbGJhcl9wb3NpdGlvbj1ib3R0b20mc2VsZWN0aW9uX3Rvb2w9MCZzY3JvbGxpbmc9MCZzcHJlYWRzPS0xJmlzX3Byb19hY3RpdmU9MCZwYWdlTnVtYmVyPTEmd2F0ZXJtYXJrX3RleHQ9JndhdGVybWFya19mb250X3NpemU9NDgmd2F0ZXJtYXJrX2NvbG9yPSUyMzAwMDAwMCZ3YXRlcm1hcmtfb3BhY2l0eT0xNSZ3YXRlcm1hcmtfc3R5bGU9Y2VudGVy&#038;zoom=auto\" class=\"embedpress-embed-document-pdf embedpress-pdf-8d7c139 lazyload\" data-emid=\"embedpress-pdf-8d7c139\" data-embed-type=\"PDF\" frameborder=\"0\" src=\"data:image\/svg+xml;base64,PHN2ZyB3aWR0aD0iMSIgaGVpZ2h0PSIxIiB4bWxucz0iaHR0cDovL3d3dy53My5vcmcvMjAwMC9zdmciPjwvc3ZnPg==\" data-load-mode=\"1\"><\/iframe><p class=\"embedpress-el-powered\">Powered By EmbedPress<\/p><\/div>                        <\/div>\n\n                    <\/div>\n\n\n                   \n                <\/div>\n            \n    <\/div>\n\n\t\t\t\t<\/div>\n\t\t\t\t<\/div>\n\t\t\t\t\t<\/div>\n\t\t<\/div>\n\t\t\t\t\t<\/div>\n\t\t<\/section>\n\t\t\t\t<\/div>\n\t\t","protected":false},"excerpt":{"rendered":"<p>Informaci\u00f3n general Alcance del t\u00edtulo Requisitos de ingreso \u00a1Inscribite! Informaci\u00f3n general El Ciclo de Licenciatura en Administraci\u00f3n es una buena opci\u00f3n para personas que tengan una tecnicatura superior o universitaria [&hellip;]<\/p>\n","protected":false},"author":1,"featured_media":0,"parent":0,"menu_order":0,"comment_status":"closed","ping_status":"closed","template":"","meta":{"zakra_page_container_layout":"customizer","zakra_page_sidebar_layout":"customizer","zakra_remove_content_margin":false,"zakra_sidebar":"customizer","zakra_transparent_header":"customizer","zakra_logo":0,"zakra_main_header_style":"default","zakra_menu_item_color":"","zakra_menu_item_hover_color":"","zakra_menu_item_active_color":"","zakra_menu_active_style":"","zakra_page_header":true,"footnotes":""},"class_list":["post-2182","page","type-page","status-publish","hentry"],"_links":{"self":[{"href":"https:\/\/www.frsc.utn.edu.ar\/web\/wp-json\/wp\/v2\/pages\/2182","targetHints":{"allow":["GET"]}}],"collection":[{"href":"https:\/\/www.frsc.utn.edu.ar\/web\/wp-json\/wp\/v2\/pages"}],"about":[{"href":"https:\/\/www.frsc.utn.edu.ar\/web\/wp-json\/wp\/v2\/types\/page"}],"author":[{"embeddable":true,"href":"https:\/\/www.frsc.utn.edu.ar\/web\/wp-json\/wp\/v2\/users\/1"}],"replies":[{"embeddable":true,"href":"https:\/\/www.frsc.utn.edu.ar\/web\/wp-json\/wp\/v2\/comments?post=2182"}],"version-history":[{"count":28,"href":"https:\/\/www.frsc.utn.edu.ar\/web\/wp-json\/wp\/v2\/pages\/2182\/revisions"}],"predecessor-version":[{"id":4036,"href":"https:\/\/www.frsc.utn.edu.ar\/web\/wp-json\/wp\/v2\/pages\/2182\/revisions\/4036"}],"wp:attachment":[{"href":"https:\/\/www.frsc.utn.edu.ar\/web\/wp-json\/wp\/v2\/media?parent=2182"}],"curies":[{"name":"wp","href":"https:\/\/api.w.org\/{rel}","templated":true}]}}