{"id":2178,"date":"2022-11-14T19:42:45","date_gmt":"2022-11-14T19:42:45","guid":{"rendered":"https:\/\/www.frsc.utn.edu.ar\/web\/?page_id=2178"},"modified":"2024-11-12T17:59:21","modified_gmt":"2024-11-12T20:59:21","slug":"tecnicaturas","status":"publish","type":"page","link":"https:\/\/www.frsc.utn.edu.ar\/web\/tecnicaturas\/","title":{"rendered":"TECNICATURAS"},"content":{"rendered":"\t\t<div data-elementor-type=\"wp-page\" data-elementor-id=\"2178\" class=\"elementor elementor-2178\">\n\t\t\t\t\t\t<section class=\"elementor-section elementor-top-section elementor-element elementor-element-ff91370 elementor-section-boxed elementor-section-height-default elementor-section-height-default\" data-id=\"ff91370\" data-element_type=\"section\" data-e-type=\"section\">\n\t\t\t\t\t\t<div class=\"elementor-container elementor-column-gap-default\">\n\t\t\t\t\t<div class=\"elementor-column elementor-col-100 elementor-top-column elementor-element elementor-element-57d4b2fc\" data-id=\"57d4b2fc\" data-element_type=\"column\" data-e-type=\"column\">\n\t\t\t<div class=\"elementor-widget-wrap elementor-element-populated\">\n\t\t\t\t\t\t<div class=\"elementor-element elementor-element-519183cf elementor-widget elementor-widget-text-editor\" data-id=\"519183cf\" data-element_type=\"widget\" data-e-type=\"widget\" data-widget_type=\"text-editor.default\">\n\t\t\t\t<div class=\"elementor-widget-container\">\n\t\t\t\t\t\t\t\t\t<p><\/p>\n<p>Contamos con las siguientes tecnicaturas:<\/p>\n<p><\/p>\n<p><a href=\"https:\/\/www.frsc.utn.edu.ar\/web\/tecnicatura-universitaria-en-higiene-y-seguridad-en-el-trabajo\/\">Tecnicatura Universitaria en Higiene y Seguridad en el Trabajo<\/a>.<\/p>\n<p><\/p>\n<p><a href=\"https:\/\/www.frsc.utn.edu.ar\/web\/tecnicatura-superior-en-administracion\/\">Tecnicatura Universitaria en Administraci\u00f3n<\/a>.<\/p>\n<p><a href=\"https:\/\/www.frsc.utn.edu.ar\/web\/tecnicatura-universitaria-en-operacion-y-mantenimiento-de-redes-electricas\/\">Tecnicatura Universitaria en Operaci\u00f3n y Mantenimiento de Redes El\u00e9ctricas<\/a>.<\/p>\n<p><a href=\"https:\/\/www.frsc.utn.edu.ar\/web\/tecnicatura-universitaria-en-procedimientos-y-tecnologias-ambientales\/\">Tecnicatura Universitaria en Procedimientos y Tecnolog\u00edas Ambientales<\/a>.<\/p>\n<p><\/p>\t\t\t\t\t\t\t\t<\/div>\n\t\t\t\t<\/div>\n\t\t\t\t\t<\/div>\n\t\t<\/div>\n\t\t\t\t\t<\/div>\n\t\t<\/section>\n\t\t\t\t<\/div>\n\t\t","protected":false},"excerpt":{"rendered":"<p>Contamos con las siguientes tecnicaturas: Tecnicatura Universitaria en Higiene y Seguridad en el Trabajo. Tecnicatura Universitaria en Administraci\u00f3n. Tecnicatura Universitaria en Operaci\u00f3n y Mantenimiento de Redes El\u00e9ctricas. Tecnicatura Universitaria en [&hellip;]<\/p>\n","protected":false},"author":1,"featured_media":0,"parent":0,"menu_order":0,"comment_status":"closed","ping_status":"closed","template":"","meta":{"zakra_page_container_layout":"customizer","zakra_page_sidebar_layout":"customizer","zakra_remove_content_margin":false,"zakra_sidebar":"customizer","zakra_transparent_header":"customizer","zakra_logo":0,"zakra_main_header_style":"default","zakra_menu_item_color":"","zakra_menu_item_hover_color":"","zakra_menu_item_active_color":"","zakra_menu_active_style":"","zakra_page_header":true,"footnotes":""},"class_list":["post-2178","page","type-page","status-publish","hentry"],"_links":{"self":[{"href":"https:\/\/www.frsc.utn.edu.ar\/web\/wp-json\/wp\/v2\/pages\/2178","targetHints":{"allow":["GET"]}}],"collection":[{"href":"https:\/\/www.frsc.utn.edu.ar\/web\/wp-json\/wp\/v2\/pages"}],"about":[{"href":"https:\/\/www.frsc.utn.edu.ar\/web\/wp-json\/wp\/v2\/types\/page"}],"author":[{"embeddable":true,"href":"https:\/\/www.frsc.utn.edu.ar\/web\/wp-json\/wp\/v2\/users\/1"}],"replies":[{"embeddable":true,"href":"https:\/\/www.frsc.utn.edu.ar\/web\/wp-json\/wp\/v2\/comments?post=2178"}],"version-history":[{"count":9,"href":"https:\/\/www.frsc.utn.edu.ar\/web\/wp-json\/wp\/v2\/pages\/2178\/revisions"}],"predecessor-version":[{"id":3739,"href":"https:\/\/www.frsc.utn.edu.ar\/web\/wp-json\/wp\/v2\/pages\/2178\/revisions\/3739"}],"wp:attachment":[{"href":"https:\/\/www.frsc.utn.edu.ar\/web\/wp-json\/wp\/v2\/media?parent=2178"}],"curies":[{"name":"wp","href":"https:\/\/api.w.org\/{rel}","templated":true}]}}