{"id":2174,"date":"2022-11-14T19:40:51","date_gmt":"2022-11-14T19:40:51","guid":{"rendered":"https:\/\/www.frsc.utn.edu.ar\/web\/?page_id=2174"},"modified":"2024-02-22T15:13:12","modified_gmt":"2024-02-22T18:13:12","slug":"ingenierias","status":"publish","type":"page","link":"https:\/\/www.frsc.utn.edu.ar\/web\/ingenierias\/","title":{"rendered":"INGENIER\u00cdAS"},"content":{"rendered":"\n<p>Contamos con las siguientes Ingenier\u00edas:<\/p>\n\n\n\n<p><a href=\"https:\/\/www.frsc.utn.edu.ar\/web\/ingenieria-en-energia\/\">Ingenier\u00eda en Energ\u00eda<\/a><\/p>\n\n\n\n<p><a href=\"https:\/\/www.frsc.utn.edu.ar\/web\/ingenieria-industrial\/\">Ingenier\u00eda Industrial<\/a><\/p>\n\n\n\n<p><a href=\"https:\/\/www.frsc.utn.edu.ar\/web\/ingenieria-electromecanica\/\">Ingenier\u00eda en Electromec\u00e1nica<\/a><\/p>\n","protected":false},"excerpt":{"rendered":"<p>Contamos con las siguientes Ingenier\u00edas: Ingenier\u00eda en Energ\u00eda Ingenier\u00eda Industrial Ingenier\u00eda en Electromec\u00e1nica<\/p>\n","protected":false},"author":1,"featured_media":0,"parent":0,"menu_order":0,"comment_status":"closed","ping_status":"closed","template":"","meta":{"zakra_page_container_layout":"customizer","zakra_page_sidebar_layout":"customizer","zakra_remove_content_margin":false,"zakra_sidebar":"customizer","zakra_transparent_header":"customizer","zakra_logo":0,"zakra_main_header_style":"default","zakra_menu_item_color":"","zakra_menu_item_hover_color":"","zakra_menu_item_active_color":"","zakra_menu_active_style":"","zakra_page_header":true,"footnotes":""},"class_list":["post-2174","page","type-page","status-publish","hentry"],"_links":{"self":[{"href":"https:\/\/www.frsc.utn.edu.ar\/web\/wp-json\/wp\/v2\/pages\/2174","targetHints":{"allow":["GET"]}}],"collection":[{"href":"https:\/\/www.frsc.utn.edu.ar\/web\/wp-json\/wp\/v2\/pages"}],"about":[{"href":"https:\/\/www.frsc.utn.edu.ar\/web\/wp-json\/wp\/v2\/types\/page"}],"author":[{"embeddable":true,"href":"https:\/\/www.frsc.utn.edu.ar\/web\/wp-json\/wp\/v2\/users\/1"}],"replies":[{"embeddable":true,"href":"https:\/\/www.frsc.utn.edu.ar\/web\/wp-json\/wp\/v2\/comments?post=2174"}],"version-history":[{"count":3,"href":"https:\/\/www.frsc.utn.edu.ar\/web\/wp-json\/wp\/v2\/pages\/2174\/revisions"}],"predecessor-version":[{"id":3383,"href":"https:\/\/www.frsc.utn.edu.ar\/web\/wp-json\/wp\/v2\/pages\/2174\/revisions\/3383"}],"wp:attachment":[{"href":"https:\/\/www.frsc.utn.edu.ar\/web\/wp-json\/wp\/v2\/media?parent=2174"}],"curies":[{"name":"wp","href":"https:\/\/api.w.org\/{rel}","templated":true}]}}