{"id":2172,"date":"2022-11-14T19:38:49","date_gmt":"2022-11-14T19:38:49","guid":{"rendered":"https:\/\/www.frsc.utn.edu.ar\/web\/?page_id=2172"},"modified":"2024-02-21T17:47:40","modified_gmt":"2024-02-21T20:47:40","slug":"oferta-academica-3","status":"publish","type":"page","link":"https:\/\/www.frsc.utn.edu.ar\/web\/oferta-academica-3\/","title":{"rendered":"OFERTA ACAD\u00c9MICA"},"content":{"rendered":"\n<p>OFERTA ACAD\u00c9MICA<\/p>\n\n\n\n<p><\/p>\n\n\n\n<p><a href=\"https:\/\/www.frsc.utn.edu.ar\/web\/ingenieria-en-energia\/\">Ingenier\u00eda en Energ\u00eda<\/a><\/p>\n\n\n\n<p><a href=\"https:\/\/www.frsc.utn.edu.ar\/web\/ingenieria-electromecanica\/\">Ingenier\u00eda en Electromec\u00e1nica<\/a><\/p>\n\n\n\n<p><a href=\"https:\/\/www.frsc.utn.edu.ar\/web\/ingenieria-industrial\/\">Ingenier\u00eda Industrial<\/a><\/p>\n\n\n\n<p><a href=\"https:\/\/www.frsc.utn.edu.ar\/web\/tecnicatura-universitaria-en-higiene-y-seguridad-en-el-trabajo\/\">Tecnicatura Universitaria en Higiene y Seguridad en el Trabajo<\/a><\/p>\n\n\n\n<p><a href=\"https:\/\/www.frsc.utn.edu.ar\/web\/tecnicatura-superior-en-administracion\/\">Tecnicatura Universitaria en Administraci\u00f3n<\/a><\/p>\n\n\n\n<p><a href=\"https:\/\/www.frsc.utn.edu.ar\/web\/tecnicatura-universitaria-en-operacion-y-mantenimiento-de-redes-electricas\/\">Tecnicatura Universitaria en Operaci\u00f3n y Mantenimiento de Redes El\u00e9ctricas<\/a><\/p>\n\n\n\n<p><a href=\"https:\/\/www.frsc.utn.edu.ar\/web\/ciclo-complementario-licenciatura-en-higiene-y-seguridad-en-el-trabajo\/\">Ciclo Complementario de Licenciatura en Higiene y Seguridad en el Trabajo<\/a><\/p>\n\n\n\n<p><a href=\"https:\/\/www.frsc.utn.edu.ar\/web\/cc-lic-en-administracion-de-empresas\/\">Ciclo Complementario de Licenciatura en Administraci\u00f3n<\/a><\/p>\n","protected":false},"excerpt":{"rendered":"<p>OFERTA ACAD\u00c9MICA Ingenier\u00eda en Energ\u00eda Ingenier\u00eda en Electromec\u00e1nica Ingenier\u00eda Industrial Tecnicatura Universitaria en Higiene y Seguridad en el Trabajo Tecnicatura Universitaria en Administraci\u00f3n Tecnicatura Universitaria en Operaci\u00f3n y Mantenimiento de [&hellip;]<\/p>\n","protected":false},"author":1,"featured_media":0,"parent":0,"menu_order":0,"comment_status":"closed","ping_status":"closed","template":"","meta":{"zakra_page_container_layout":"customizer","zakra_page_sidebar_layout":"customizer","zakra_remove_content_margin":false,"zakra_sidebar":"customizer","zakra_transparent_header":"customizer","zakra_logo":0,"zakra_main_header_style":"default","zakra_menu_item_color":"","zakra_menu_item_hover_color":"","zakra_menu_item_active_color":"","zakra_menu_active_style":"","zakra_page_header":true,"footnotes":""},"class_list":["post-2172","page","type-page","status-publish","hentry"],"_links":{"self":[{"href":"https:\/\/www.frsc.utn.edu.ar\/web\/wp-json\/wp\/v2\/pages\/2172","targetHints":{"allow":["GET"]}}],"collection":[{"href":"https:\/\/www.frsc.utn.edu.ar\/web\/wp-json\/wp\/v2\/pages"}],"about":[{"href":"https:\/\/www.frsc.utn.edu.ar\/web\/wp-json\/wp\/v2\/types\/page"}],"author":[{"embeddable":true,"href":"https:\/\/www.frsc.utn.edu.ar\/web\/wp-json\/wp\/v2\/users\/1"}],"replies":[{"embeddable":true,"href":"https:\/\/www.frsc.utn.edu.ar\/web\/wp-json\/wp\/v2\/comments?post=2172"}],"version-history":[{"count":2,"href":"https:\/\/www.frsc.utn.edu.ar\/web\/wp-json\/wp\/v2\/pages\/2172\/revisions"}],"predecessor-version":[{"id":3364,"href":"https:\/\/www.frsc.utn.edu.ar\/web\/wp-json\/wp\/v2\/pages\/2172\/revisions\/3364"}],"wp:attachment":[{"href":"https:\/\/www.frsc.utn.edu.ar\/web\/wp-json\/wp\/v2\/media?parent=2172"}],"curies":[{"name":"wp","href":"https:\/\/api.w.org\/{rel}","templated":true}]}}