{"id":1585,"date":"2021-11-11T00:23:11","date_gmt":"2021-11-11T00:23:11","guid":{"rendered":"https:\/\/www.frsc.utn.edu.ar\/web\/?page_id=1585"},"modified":"2025-12-12T10:13:08","modified_gmt":"2025-12-12T13:13:08","slug":"ingenieria-en-energia","status":"publish","type":"page","link":"https:\/\/www.frsc.utn.edu.ar\/web\/ingenieria-en-energia\/","title":{"rendered":"UTNFRSC | Ingenieria en Energia"},"content":{"rendered":"\t\t<div data-elementor-type=\"wp-page\" data-elementor-id=\"1585\" class=\"elementor elementor-1585\">\n\t\t\t\t\t\t<section class=\"elementor-section elementor-top-section elementor-element elementor-element-7736946b elementor-section-boxed elementor-section-height-default elementor-section-height-default\" data-id=\"7736946b\" data-element_type=\"section\" data-e-type=\"section\">\n\t\t\t\t\t\t<div class=\"elementor-container elementor-column-gap-default\">\n\t\t\t\t\t<div class=\"elementor-column elementor-col-100 elementor-top-column elementor-element elementor-element-b15696c\" data-id=\"b15696c\" data-element_type=\"column\" data-e-type=\"column\">\n\t\t\t<div class=\"elementor-widget-wrap elementor-element-populated\">\n\t\t\t\t\t\t<div class=\"elementor-element elementor-element-ec66a4c elementor-tabs-view-horizontal elementor-widget elementor-widget-tabs\" data-id=\"ec66a4c\" data-element_type=\"widget\" data-e-type=\"widget\" data-widget_type=\"tabs.default\">\n\t\t\t\t<div class=\"elementor-widget-container\">\n\t\t\t\t\t\t\t<div class=\"elementor-tabs\">\n\t\t\t<div class=\"elementor-tabs-wrapper\" role=\"tablist\" >\n\t\t\t\t\t\t\t\t\t<div id=\"elementor-tab-title-2471\" class=\"elementor-tab-title elementor-tab-desktop-title\" aria-selected=\"true\" data-tab=\"1\" role=\"tab\" tabindex=\"0\" aria-controls=\"elementor-tab-content-2471\" aria-expanded=\"false\">Informaci\u00f3n general<\/div>\n\t\t\t\t\t\t\t\t\t<div id=\"elementor-tab-title-2472\" class=\"elementor-tab-title elementor-tab-desktop-title\" aria-selected=\"false\" data-tab=\"2\" role=\"tab\" tabindex=\"-1\" aria-controls=\"elementor-tab-content-2472\" aria-expanded=\"false\">Alcances del t\u00edtulo<\/div>\n\t\t\t\t\t\t\t\t\t<div id=\"elementor-tab-title-2473\" class=\"elementor-tab-title elementor-tab-desktop-title\" aria-selected=\"false\" data-tab=\"3\" role=\"tab\" tabindex=\"-1\" aria-controls=\"elementor-tab-content-2473\" aria-expanded=\"false\">Requisitos de ingreso<\/div>\n\t\t\t\t\t\t\t\t\t<div id=\"elementor-tab-title-2474\" class=\"elementor-tab-title elementor-tab-desktop-title\" aria-selected=\"false\" data-tab=\"4\" role=\"tab\" tabindex=\"-1\" aria-controls=\"elementor-tab-content-2474\" aria-expanded=\"false\">INSCRIBITE<\/div>\n\t\t\t\t\t\t\t<\/div>\n\t\t\t<div class=\"elementor-tabs-content-wrapper\" role=\"tablist\" aria-orientation=\"vertical\">\n\t\t\t\t\t\t\t\t\t<div class=\"elementor-tab-title elementor-tab-mobile-title\" aria-selected=\"true\" data-tab=\"1\" role=\"tab\" tabindex=\"0\" aria-controls=\"elementor-tab-content-2471\" aria-expanded=\"false\">Informaci\u00f3n general<\/div>\n\t\t\t\t\t<div id=\"elementor-tab-content-2471\" class=\"elementor-tab-content elementor-clearfix\" data-tab=\"1\" role=\"tabpanel\" aria-labelledby=\"elementor-tab-title-2471\" tabindex=\"0\" hidden=\"false\"><p><a href=\"https:\/\/www.frsc.utn.edu.ar\/web\/wp-content\/uploads\/2022\/01\/Ord.-N%C2%B0-1837-ING-EN-ENERGIA.pdf\">Ordenanza 1837 Ingenier\u00eda en Energ\u00eda<\/a><\/p><p><span style=\"font-weight: 400;\">La carrera de Ingenier\u00eda en Energ\u00eda tiene como fin formar profesionales para la <\/span><span style=\"font-weight: 400;\">pr\u00e1ctica exitosa de la profesi\u00f3n, competentes y capaces<\/span><span style=\"font-weight: 400;\">, demostrando para ello:<\/span><span style=\"font-weight: 400;\"><br \/><\/span><span style=\"font-weight: 400;\">\u2022 Una s\u00f3lida formaci\u00f3n t\u00e9cnica.<\/span><span style=\"font-weight: 400;\"><br \/><\/span><span style=\"font-weight: 400;\">\u2022 Capacidad para trabajo en equipo y multidisciplinario, interactuando en todos los posibles niveles del ejercicio profesional.<\/span><span style=\"font-weight: 400;\"><br \/><\/span><span style=\"font-weight: 400;\">\u2022 Aptitudes de comunicaci\u00f3n eficaz, participaci\u00f3n proactiva.<\/span><span style=\"font-weight: 400;\"><br \/><\/span><span style=\"font-weight: 400;\">\u2022 Principios \u00e9ticos en el ejercicio de la profesi\u00f3n, asumiendo responsabilidades sociales y profesionales.<\/span><span style=\"font-weight: 400;\"><br \/><\/span><span style=\"font-weight: 400;\">\u2022 Capacidad para la formaci\u00f3n continua que exige el avance de la profesi\u00f3n, complementando cuando fuera necesario con formaci\u00f3n de posgrado.<\/span><span style=\"font-weight: 400;\"><br \/><\/span><span style=\"font-weight: 400;\">\u2022 Capacidad para actuar creativamente en dise\u00f1os, proyectos y ejecuci\u00f3n de los mismos, con criterios de m\u00e1xima calidad y competitividad, orientando su acci\u00f3n hacia el perfeccionamiento del ser humano<\/span><span style=\"font-weight: 400;\"> como coejecutor o usuario.<\/span><span style=\"font-weight: 400;\"><br \/><\/span><span style=\"font-weight: 400;\">\u2022 Capacidad para utilizar racionalmente los recursos naturales del pa\u00eds o de la regi\u00f3n, previendo su preservaci\u00f3n y la conservaci\u00f3n del ambiente natural y humano.<\/span><span style=\"font-weight: 400;\"><br \/><\/span><span style=\"font-weight: 400;\">\u2022 Capacidad para actuar en planos directivos, dentro de la industria y la sociedad, con nivel cultural y human\u00edstico acordes con su jerarqu\u00eda universitaria, creando en todo momento esp\u00edritu de solidaridad social y de valorizaci\u00f3n de la realidad hist\u00f3rica del pa\u00eds.<\/span><span style=\"font-weight: 400;\"><br \/><\/span><span style=\"font-weight: 400;\">\u2022 Compromiso con los Objetivos de Desarrollo Sostenible en todos los \u00e1mbitos de actuaci\u00f3n.<\/span><\/p><p><b>Perfil del Ingeniero y la Ingeniera de la UTN:<\/b><\/p><ul><li style=\"font-weight: 400;\" aria-level=\"1\"><span style=\"font-weight: 400;\">Dise\u00f1ar, proyectar, calcular, modelar y planificar las operaciones y procesos de proyectos energ\u00e9ticos.<\/span><\/li><li style=\"font-weight: 400;\" aria-level=\"1\"><span style=\"font-weight: 400;\">Participar en el dise\u00f1o, proyecto, y en la especificaci\u00f3n, modelado y planificaci\u00f3n de las instalaciones requeridas a generar, almacenar, transportar y distribuir energ\u00eda; de regulaci\u00f3n, captaci\u00f3n, y abastecimiento de energ\u00eda; Instalaciones (urbanas, rurales, industriales) que hagan uso de la energ\u00eda.<\/span><\/li><li style=\"font-weight: 400;\" aria-level=\"1\"><span style=\"font-weight: 400;\">Formular y evaluar proyectos p\u00fablicos y privados de desarrollo energ\u00e9tico sustentable.<\/span><\/li><li style=\"font-weight: 400;\" aria-level=\"1\"><span style=\"font-weight: 400;\">Evaluar la sustentabilidad t\u00e9cnico-econ\u00f3mica y ambiental de las operaciones, procesos e instalaciones acerca de las condiciones de eficiencia en el uso de la energ\u00eda de ambientes laborales, urbanos, rurales e industriales.<\/span><\/li><li style=\"font-weight: 400;\" aria-level=\"1\"><span style=\"font-weight: 400;\">Gestionar y certificar la eficiencia, calidad y mejora continua de las operaciones, procesos e instalaciones en cuanto a producci\u00f3n, almacenamiento, conversi\u00f3n y distribuci\u00f3n de energ\u00eda por fuentes convencionales y no convencionales.<\/span><\/li><li style=\"font-weight: 400;\" aria-level=\"1\"><span style=\"font-weight: 400;\">Gestionar y controlar el uso eficiente de la energ\u00eda, en su producci\u00f3n y distribuci\u00f3n, y el aprovechamiento sustentable de recursos energ\u00e9ticos.<\/span><\/li><\/ul><\/div>\n\t\t\t\t\t\t\t\t\t<div class=\"elementor-tab-title elementor-tab-mobile-title\" aria-selected=\"false\" data-tab=\"2\" role=\"tab\" tabindex=\"-1\" aria-controls=\"elementor-tab-content-2472\" aria-expanded=\"false\">Alcances del t\u00edtulo<\/div>\n\t\t\t\t\t<div id=\"elementor-tab-content-2472\" class=\"elementor-tab-content elementor-clearfix\" data-tab=\"2\" role=\"tabpanel\" aria-labelledby=\"elementor-tab-title-2472\" tabindex=\"0\" hidden=\"hidden\"><ul><li aria-level=\"1\">Realizar estudios de sustentabilidad y evaluar integralmente la racionalidad en el uso de los recursos energ\u00e9ticos en:<br \/>a) Instalaciones destinadas a generar, almacenar, transportar y distribuir energ\u00eda.<br \/>b) Instalaciones de regulaci\u00f3n, captaci\u00f3n, y abastecimiento de energ\u00eda.<br \/>c) Instalaciones (urbanas, rurales, industriales) que hagan uso de la energ\u00eda.<\/li><li aria-level=\"1\">Asesorar (a Instituciones, Organismos, Empresas, etc.) sobre el uso eficiente de la energ\u00eda, en su producci\u00f3n y distribuci\u00f3n, y el aprovechamiento sustentable de recursos energ\u00e9ticos.<\/li><li aria-level=\"1\">Participar en proyectos destinados a la formulaci\u00f3n y evaluaci\u00f3n integral (social, econ\u00f3mica y ambiental) de actividades que involucren o comprometan recursos energ\u00e9ticos.<\/li><li aria-level=\"1\">Integrar equipos interdisciplinarios para planificar y gestionar el uso y administraci\u00f3n de los recursos energ\u00e9ticos.<\/li><li aria-level=\"1\">Intervenir en auditor\u00edas, certificaciones, arbitrajes, peritajes, y tasaciones relacionados a la calidad de los procesos de producci\u00f3n y uso eficiente de la energ\u00eda.<\/li><li aria-level=\"1\">Participar en la elaboraci\u00f3n, interpretaci\u00f3n e implementaci\u00f3n de pol\u00edticas y normas legales destinadas a regular el uso y aprovechamiento de la energ\u00eda.<\/li><li aria-level=\"1\">Evaluar y dictaminar acerca de las condiciones de eficiencia en el uso de la energ\u00eda de ambientes laborales, urbanos, rurales e industriales.<\/li><li aria-level=\"1\">Investigar y desarrollar procesos tecnol\u00f3gicos en cuanto a producci\u00f3n, almacenamiento, conversi\u00f3n y distribuci\u00f3n de energ\u00eda por fuentes convencionales y no convencionales.<\/li><li aria-level=\"1\">Asesorar en lo relativo a los asuntos de ingenier\u00eda legal, econ\u00f3mica, financiera relacionados con los incisos anteriores.<\/li><li aria-level=\"1\">Participar en la innovaci\u00f3n, la vigilancia tecnol\u00f3gica y la prospectiva para la incorporaci\u00f3n de tecnolog\u00edas y procesos eficientes en la cadena de suministro y uso de los energ\u00e9ticos.<\/li><\/ul><p style=\"font-size: 16px; font-style: normal; font-weight: 400;\">\u00a0<\/p><\/div>\n\t\t\t\t\t\t\t\t\t<div class=\"elementor-tab-title elementor-tab-mobile-title\" aria-selected=\"false\" data-tab=\"3\" role=\"tab\" tabindex=\"-1\" aria-controls=\"elementor-tab-content-2473\" aria-expanded=\"false\">Requisitos de ingreso<\/div>\n\t\t\t\t\t<div id=\"elementor-tab-content-2473\" class=\"elementor-tab-content elementor-clearfix\" data-tab=\"3\" role=\"tabpanel\" aria-labelledby=\"elementor-tab-title-2473\" tabindex=\"0\" hidden=\"hidden\"><p>Para ingresar a la carrera el aspirante deber\u00e1 poseer\u00a0t\u00edtulo y\/o certificaci\u00f3n oficial de haber concluido el nivel medio\u00a0expedido por instituci\u00f3n reconocida por las autoridades educativas jurisdiccionales o atenerse a las excepciones que marcan la legislaci\u00f3n y normativa vigentes.<\/p><p>Deber\u00e1 realizar la\u00a0pre inscripci\u00f3n\u00a0y luego, cuando sea requerido presentar la siguiente documentaci\u00f3n<\/p><ul><li aria-level=\"1\">Certificado Anal\u00edtico o Constancia de T\u00edtulo en tr\u00e1mite.<\/li><li aria-level=\"1\">Fotocopia DNI.<\/li><li aria-level=\"1\">3 fotos carnet 4\u00d74.<\/li><li aria-level=\"1\">Copia de Partida de Nacimiento.<\/li><li aria-level=\"1\">Copia de Constancia de CUIL.<\/li><\/ul><p>Realizar el seminario de vinculaci\u00f3n universitaria es el primer paso para iniciar satisfactoriamente tu carrera.<\/p><p>Duraci\u00f3n de la carrera<br \/>5 (cinco) a\u00f1os<\/p><\/div>\n\t\t\t\t\t\t\t\t\t<div class=\"elementor-tab-title elementor-tab-mobile-title\" aria-selected=\"false\" data-tab=\"4\" role=\"tab\" tabindex=\"-1\" aria-controls=\"elementor-tab-content-2474\" aria-expanded=\"false\">INSCRIBITE<\/div>\n\t\t\t\t\t<div id=\"elementor-tab-content-2474\" class=\"elementor-tab-content elementor-clearfix\" data-tab=\"4\" role=\"tabpanel\" aria-labelledby=\"elementor-tab-title-2474\" tabindex=\"0\" hidden=\"hidden\"><p style=\"text-align: center;\"><a href=\"https:\/\/www.frsc.utn.edu.ar\/web\/elementor-3969\/\">INSCRIPCIONES 2026<\/a><\/p><\/div>\n\t\t\t\t\t\t\t<\/div>\n\t\t<\/div>\n\t\t\t\t\t\t<\/div>\n\t\t\t\t<\/div>\n\t\t\t\t\t<\/div>\n\t\t<\/div>\n\t\t\t\t\t<\/div>\n\t\t<\/section>\n\t\t\t\t<section class=\"elementor-section elementor-top-section elementor-element elementor-element-108364f elementor-section-boxed elementor-section-height-default elementor-section-height-default\" data-id=\"108364f\" data-element_type=\"section\" data-e-type=\"section\">\n\t\t\t\t\t\t<div class=\"elementor-container elementor-column-gap-default\">\n\t\t\t\t\t<div class=\"elementor-column elementor-col-100 elementor-top-column elementor-element elementor-element-bf5e349\" data-id=\"bf5e349\" data-element_type=\"column\" data-e-type=\"column\">\n\t\t\t<div class=\"elementor-widget-wrap elementor-element-populated\">\n\t\t\t\t\t\t<div class=\"elementor-element elementor-element-1eb4635 elementor-widget elementor-widget-embedpress_pdf\" data-id=\"1eb4635\" data-element_type=\"widget\" data-e-type=\"widget\" data-widget_type=\"embedpress_pdf.default\">\n\t\t\t\t<div class=\"elementor-widget-container\">\n\t\t\t\t\t    <div class=\"embedpress-document-embed ep-doc-d2825e0b1d19bbeb54350e8a5914eeb9 ose-document emebedpress-unit-px \" data-thememode=\"default\" data-customcolor=\"\" data-toolbar=\"yes\" data-toolbar-position=\"top\" data-open=\"no\" data-presentation-mode=\"yes\" data-download=\"yes\" data-copy=\"yes\" data-add-image=\"yes\" data-rotate=\"yes\" data-details=\"yes\" data-id=\"embedpress-pdf-1eb4635\" data-selection-tool=\"0\" data-scrolling=\"0\" data-spreads=\"-1\" style=\" max-width:100%; display: inline-block\">\n\n        \n                <div >\n\n                    <div id=\"ep-elementor-content-1eb4635\" class=\"ep-elementor-content  ep-fixed-width   ep-content-protection-disabled\">\n                        <div id=\"1eb4635\" class=\"ep-embed-content-wraper\">\n                            <div><iframe title=\"UTN_FRSC_ING_EN_ENERGIAS\" class=\"embedpress-embed-document-pdf embedpress-pdf-1eb4635 lazyload\" style=\"width: 880px!important;height: 550px;; max-width:100%; display: inline-block\" data-src=\"https:\/\/www.frsc.utn.edu.ar\/web\/wp-admin\/admin-ajax.php?action=get_viewer&#038;file=https%3A%2F%2Fwww.frsc.utn.edu.ar%2Fweb%2Fwp-content%2Fuploads%2F2024%2F10%2FUTN_FRSC_ING_EN_ENERGIAS.pdf&#038;scrolling=0&#038;selection_tool=0&#038;spreads=-1#key=dGhlbWVNb2RlPWRlZmF1bHQmdG9vbGJhcj10cnVlJnBvc2l0aW9uPXRvcCZwcmVzZW50YXRpb249dHJ1ZSZsYXp5TG9hZD1mYWxzZSZkb3dubG9hZD10cnVlJmNvcHlfdGV4dD10cnVlJmFkZF90ZXh0PXRydWUmZHJhdz10cnVlJmFkZF9pbWFnZT10cnVlJnBkZl9yb3RhdGlvbj10cnVlJnBkZl9kZXRhaWxzPXRydWUmem9vbV9pbj10cnVlJnpvb21fb3V0PXRydWUmZml0X3ZpZXc9dHJ1ZSZib29rbWFyaz10cnVlJnNvdW5kPXRydWUmZmxpcGJvb2tfdG9vbGJhcl9wb3NpdGlvbj1ib3R0b20mc2VsZWN0aW9uX3Rvb2w9MCZzY3JvbGxpbmc9MCZzcHJlYWRzPS0xJmlzX3Byb19hY3RpdmU9MCZwYWdlTnVtYmVyPTEmd2F0ZXJtYXJrX3RleHQ9JndhdGVybWFya19mb250X3NpemU9NDgmd2F0ZXJtYXJrX2NvbG9yPSUyMzAwMDAwMCZ3YXRlcm1hcmtfb3BhY2l0eT0xNSZ3YXRlcm1hcmtfc3R5bGU9Y2VudGVy&#038;zoom=auto\" class=\"embedpress-embed-document-pdf embedpress-pdf-1eb4635 lazyload\" data-emid=\"embedpress-pdf-1eb4635\" data-embed-type=\"PDF\" frameborder=\"0\" src=\"data:image\/svg+xml;base64,PHN2ZyB3aWR0aD0iMSIgaGVpZ2h0PSIxIiB4bWxucz0iaHR0cDovL3d3dy53My5vcmcvMjAwMC9zdmciPjwvc3ZnPg==\" data-load-mode=\"1\"><\/iframe><p class=\"embedpress-el-powered\">Powered By EmbedPress<\/p><\/div>                        <\/div>\n\n                    <\/div>\n\n\n                   \n                <\/div>\n            \n    <\/div>\n\n\t\t\t\t<\/div>\n\t\t\t\t<\/div>\n\t\t\t\t\t<\/div>\n\t\t<\/div>\n\t\t\t\t\t<\/div>\n\t\t<\/section>\n\t\t\t\t<section class=\"elementor-section elementor-top-section elementor-element elementor-element-e48de14 elementor-section-boxed elementor-section-height-default elementor-section-height-default\" data-id=\"e48de14\" data-element_type=\"section\" data-e-type=\"section\">\n\t\t\t\t\t\t<div class=\"elementor-container elementor-column-gap-default\">\n\t\t\t\t\t<div class=\"elementor-column elementor-col-100 elementor-top-column elementor-element elementor-element-579bde7\" data-id=\"579bde7\" data-element_type=\"column\" data-e-type=\"column\">\n\t\t\t<div class=\"elementor-widget-wrap elementor-element-populated\">\n\t\t\t\t\t\t\t<\/div>\n\t\t<\/div>\n\t\t\t\t\t<\/div>\n\t\t<\/section>\n\t\t\t\t<\/div>\n\t\t","protected":false},"excerpt":{"rendered":"<p>Informaci\u00f3n general Alcances del t\u00edtulo Requisitos de ingreso INSCRIBITE Informaci\u00f3n general Ordenanza 1837 Ingenier\u00eda en Energ\u00eda La carrera de Ingenier\u00eda en Energ\u00eda tiene como fin formar profesionales para la pr\u00e1ctica [&hellip;]<\/p>\n","protected":false},"author":1,"featured_media":3792,"parent":0,"menu_order":0,"comment_status":"closed","ping_status":"closed","template":"","meta":{"zakra_page_container_layout":"customizer","zakra_page_sidebar_layout":"customizer","zakra_remove_content_margin":false,"zakra_sidebar":"customizer","zakra_transparent_header":"customizer","zakra_logo":0,"zakra_main_header_style":"default","zakra_menu_item_color":"","zakra_menu_item_hover_color":"","zakra_menu_item_active_color":"","zakra_menu_active_style":"","zakra_page_header":true,"footnotes":""},"class_list":["post-1585","page","type-page","status-publish","has-post-thumbnail","hentry"],"_links":{"self":[{"href":"https:\/\/www.frsc.utn.edu.ar\/web\/wp-json\/wp\/v2\/pages\/1585","targetHints":{"allow":["GET"]}}],"collection":[{"href":"https:\/\/www.frsc.utn.edu.ar\/web\/wp-json\/wp\/v2\/pages"}],"about":[{"href":"https:\/\/www.frsc.utn.edu.ar\/web\/wp-json\/wp\/v2\/types\/page"}],"author":[{"embeddable":true,"href":"https:\/\/www.frsc.utn.edu.ar\/web\/wp-json\/wp\/v2\/users\/1"}],"replies":[{"embeddable":true,"href":"https:\/\/www.frsc.utn.edu.ar\/web\/wp-json\/wp\/v2\/comments?post=1585"}],"version-history":[{"count":65,"href":"https:\/\/www.frsc.utn.edu.ar\/web\/wp-json\/wp\/v2\/pages\/1585\/revisions"}],"predecessor-version":[{"id":4026,"href":"https:\/\/www.frsc.utn.edu.ar\/web\/wp-json\/wp\/v2\/pages\/1585\/revisions\/4026"}],"wp:featuredmedia":[{"embeddable":true,"href":"https:\/\/www.frsc.utn.edu.ar\/web\/wp-json\/wp\/v2\/media\/3792"}],"wp:attachment":[{"href":"https:\/\/www.frsc.utn.edu.ar\/web\/wp-json\/wp\/v2\/media?parent=1585"}],"curies":[{"name":"wp","href":"https:\/\/api.w.org\/{rel}","templated":true}]}}